{"id":19374,"date":"2025-10-06T10:27:32","date_gmt":"2025-10-06T10:27:32","guid":{"rendered":"https:\/\/www.palacioficalho.pt\/alojamiento\/"},"modified":"2025-12-22T11:45:10","modified_gmt":"2025-12-22T11:45:10","slug":"alojamiento","status":"publish","type":"page","link":"https:\/\/www.palacioficalho.pt\/es\/alojamiento\/","title":{"rendered":"Alojamiento"},"content":{"rendered":"\t\t<div data-elementor-type=\"wp-page\" data-elementor-id=\"19374\" class=\"elementor elementor-19374 elementor-19306\">\n\t\t\t\t<div class=\"elementor-element elementor-element-cc17005 e-flex e-con-boxed qodef-elementor-content-no e-con e-parent\" data-id=\"cc17005\" data-element_type=\"container\" data-e-type=\"container\">\n\t\t\t\t\t<div class=\"e-con-inner\">\n\t\t<div class=\"elementor-element elementor-element-3ae26d9 e-con-full e-flex qodef-elementor-content-no e-con e-child\" data-id=\"3ae26d9\" data-element_type=\"container\" data-e-type=\"container\">\n\t\t\t\t<div class=\"elementor-element elementor-element-d5fcb41 elementor-widget elementor-widget-text-editor\" data-id=\"d5fcb41\" data-element_type=\"widget\" data-e-type=\"widget\" data-widget_type=\"text-editor.default\">\n\t\t\t\t\t\t\t\t\t<p>La adaptaci\u00f3n del edificio a las nuevas formas de habitar ha sido gradual y conservadora. Gran parte del d\u00eda a d\u00eda del Palacio preserva soluciones antiguas, como es el caso de la climatizaci\u00f3n: abriendo y cerrando ventanas durante el d\u00eda, aprovechando la ventilaci\u00f3n natural. <\/p><p>Tambi\u00e9n el jard\u00edn ha ido siendo intervenido gradualmente. La rehabilitaci\u00f3n de la piscina, obra de los a\u00f1os 70, es una de las mejoras recientes. Implantada en el centro de un naranjal, ofrece una experiencia de frescura y campo. Los colores que la rodean son los del cultivo de secano; verde en los meses con lluvia, amarillo en los dem\u00e1s.   <\/p><p>El PALACIO FICALHO dispone de dos suites preparadas para estancias de corta duraci\u00f3n. Ideales para quienes buscan un lugar para trabajar, solos, o para hacer una pausa con la familia o amigos. Ambas est\u00e1n situadas en el ala alta y tienen acceso al jard\u00edn y a la<br>piscina a trav\u00e9s de los principales salones de la casa.  <\/p>\t\t\t\t\t\t\t\t<\/div>\n\t\t\t\t<\/div>\n\t\t\t\t\t<\/div>\n\t\t\t\t<\/div>\n\t\t<div class=\"elementor-element elementor-element-2da6abd e-flex e-con-boxed qodef-elementor-content-no e-con e-parent\" data-id=\"2da6abd\" data-element_type=\"container\" data-e-type=\"container\">\n\t\t\t\t\t<div class=\"e-con-inner\">\n\t\t<div class=\"elementor-element elementor-element-6aa9870 e-con-full e-flex qodef-elementor-content-no e-con e-child\" data-id=\"6aa9870\" data-element_type=\"container\" data-e-type=\"container\">\n\t\t\t\t<div class=\"elementor-element elementor-element-3874ee4 elementor-widget elementor-widget-alloggio_core_room_reservation_filter\" data-id=\"3874ee4\" data-element_type=\"widget\" data-e-type=\"widget\" data-widget_type=\"alloggio_core_room_reservation_filter.default\">\n\t\t\t\t<div class=\"elementor-widget-container\">\n\t\t\t\t\t<div class=\"qodef-shortcode qodef-m pesquisa qodef-room-reservation-filter qodef-layout--horizontal qodef-columns--3\" >\n\t<svg class=\"qodef-m-spinner\" xmlns=\"http:\/\/www.w3.org\/2000\/svg\" viewBox=\"0 0 512 512\"><path d=\"M304 48c0 26.51-21.49 48-48 48s-48-21.49-48-48 21.49-48 48-48 48 21.49 48 48zm-48 368c-26.51 0-48 21.49-48 48s21.49 48 48 48 48-21.49 48-48-21.49-48-48-48zm208-208c-26.51 0-48 21.49-48 48s21.49 48 48 48 48-21.49 48-48-21.49-48-48-48zM96 256c0-26.51-21.49-48-48-48S0 229.49 0 256s21.49 48 48 48 48-21.49 48-48zm12.922 99.078c-26.51 0-48 21.49-48 48s21.49 48 48 48 48-21.49 48-48c0-26.509-21.491-48-48-48zm294.156 0c-26.51 0-48 21.49-48 48s21.49 48 48 48 48-21.49 48-48c0-26.509-21.49-48-48-48zM108.922 60.922c-26.51 0-48 21.49-48 48s21.49 48 48 48 48-21.49 48-48-21.491-48-48-48z\"><\/path><\/svg><form role=\"search\" class=\"qodef-m-form\" method=\"GET\" action=\"https:\/\/www.palacioficalho.pt\/es\/\">\n\t<input type=\"hidden\" name=\"s\" value=\"\"\/>\n\t<div class=\"qodef-m-field qodef--check-in\">\n\t\t<label class=\"qodef-m-field-label\">Check-in<\/label>\n\t\t<div class=\"qodef-m-field-input-wrapper\">\n\t\t\t<input type=\"text\" class=\"qodef-m-field-input qodef-datepick-calendar qodef--date qodef--check-in\" name=\"check_in\" value=\"\" data-reserved-dates=\"May 29, 2026|May 30, 2026\" required readonly\/>\n\t\t\t<svg class=\"qodef-m-field-input-icon\" xmlns=\"http:\/\/www.w3.org\/2000\/svg\" xmlns:xlink=\"http:\/\/www.w3.org\/1999\/xlink\" x=\"0px\" y=\"0px\" width=\"64px\" height=\"64px\" viewBox=\"0 0 64 64\" enable-background=\"new 0 0 64 64\" xml:space=\"preserve\"><g><path d=\"M53,5h-8v4H19V5h-8v4H0v50h64V9H53V5z M47,7h4v6h-4V7z M13,7h4v6h-4V7z M2,57V19h60v38H2z M62,11v6H2v-6h9v4h8v-4h26v4h8v-4H62z\"\/><\/g><\/svg>\t\t<\/div>\n\t<\/div>\n\t<div class=\"qodef-m-field qodef--check-out\">\n\t\t<label class=\"qodef-m-field-label\">Check-out<\/label>\n\t\t<div class=\"qodef-m-field-input-wrapper\">\n\t\t\t<input type=\"text\" class=\"qodef-m-field-input qodef-datepick-calendar qodef--date qodef--check-out\" name=\"check_out\" value=\"\" data-reserved-dates=\"May 29, 2026|May 30, 2026\" required readonly\/>\n\t\t\t<svg class=\"qodef-m-field-input-icon\" xmlns=\"http:\/\/www.w3.org\/2000\/svg\" xmlns:xlink=\"http:\/\/www.w3.org\/1999\/xlink\" x=\"0px\" y=\"0px\" width=\"64px\" height=\"64px\" viewBox=\"0 0 64 64\" enable-background=\"new 0 0 64 64\" xml:space=\"preserve\"><g><path d=\"M53,5h-8v4H19V5h-8v4H0v50h64V9H53V5z M47,7h4v6h-4V7z M13,7h4v6h-4V7z M2,57V19h60v38H2z M62,11v6H2v-6h9v4h8v-4h26v4h8v-4H62z\"\/><\/g><\/svg>\t\t<\/div>\n\t<\/div>\n\t\t\t<div class=\"qodef-m-field qodef--guests\">\n\t\t<label class=\"qodef-m-field-label\">Hu\u00e9spedes<\/label>\n\t\t<div class=\"qodef-m-field-input-wrapper\">\n\t\t\t<input type=\"text\" class=\"qodef-m-field-input qodef--guests\" name=\"guests\" value=\"\" readonly \/>\n\t\t\t<svg class=\"qodef-m-field-input-icon\" xmlns=\"http:\/\/www.w3.org\/2000\/svg\" xmlns:xlink=\"http:\/\/www.w3.org\/1999\/xlink\" x=\"0px\" y=\"0px\" width=\"64px\" height=\"64px\" viewBox=\"0 0 64 64\" enable-background=\"new 0 0 64 64\" xml:space=\"preserve\"><g><polygon points=\"48.293,23.293 32,39.586 15.707,23.293 14.293,24.854 31.293,42 32.707,42 49.707,24.854\"\/><\/g><\/svg>\t\t<\/div>\n\t\t<div class=\"qodef-m-field-persons\">\n\t\t\t<div class=\"qodef-m-field-person qodef-e qodef--adult\">\n\t\t\t\t<div class=\"qodef-e-label-text\">Adultos<\/div>\n\t\t\t\t<select name=\"adult\" class=\"qodef-e-input qodef--select2\" data-singular-label=\"Adulto\" data-plural-label=\"Adultos\">\n\t\t\t\t\t\t\t\t\t\t\t<option value=\"1\"  selected='selected'>1<\/option>\n\t\t\t\t\t\t\t\t\t\t\t<option value=\"2\" >2<\/option>\n\t\t\t\t\t\t\t\t\t\t\t<option value=\"3\" >3<\/option>\n\t\t\t\t\t\t\t\t\t\t\t<option value=\"4\" >4<\/option>\n\t\t\t\t\t\t\t\t\t\t\t<option value=\"5\" >5<\/option>\n\t\t\t\t\t\t\t\t\t\t\t<option value=\"6\" >6<\/option>\n\t\t\t\t\t\t\t\t\t\t\t<option value=\"7\" >7<\/option>\n\t\t\t\t\t\t\t\t\t\t\t<option value=\"8\" >8<\/option>\n\t\t\t\t\t\t\t\t\t\t\t<option value=\"9\" >9<\/option>\n\t\t\t\t\t\t\t\t\t\t\t<option value=\"10\" >10<\/option>\n\t\t\t\t\t\t\t\t\t\t\t<option value=\"11\" >11<\/option>\n\t\t\t\t\t\t\t\t\t\t\t<option value=\"12\" >12<\/option>\n\t\t\t\t\t\t\t\t\t\t\t<option value=\"13\" >13<\/option>\n\t\t\t\t\t\t\t\t\t\t\t<option value=\"14\" >14<\/option>\n\t\t\t\t\t\t\t\t\t\t\t<option value=\"15\" >15<\/option>\n\t\t\t\t\t\t\t\t\t\t\t<option value=\"16\" >16<\/option>\n\t\t\t\t\t\t\t\t\t\t\t<option value=\"17\" >17<\/option>\n\t\t\t\t\t\t\t\t\t\t\t<option value=\"18\" >18<\/option>\n\t\t\t\t\t\t\t\t\t\t\t<option value=\"19\" >19<\/option>\n\t\t\t\t\t\t\t\t\t\t\t<option value=\"20\" >20<\/option>\n\t\t\t\t\t\t\t\t\t<\/select>\n\t\t\t<\/div>\n\t\t\t<div class=\"qodef-m-field-person qodef-e qodef--children\">\n\t\t\t\t<div class=\"qodef-e-label\">\n\t\t\t\t\t<span class=\"qodef-e-label-text\">Ni\u00f1os<\/span>\n\t\t\t\t\t<span class=\"qodef-e-label-description\">2-12 a\u00f1os<\/span>\n\t\t\t\t<\/div>\n\t\t\t\t<select name=\"children\" class=\"qodef-e-input qodef--select2\" data-singular-label=\"Ni\u00f1os\" data-plural-label=\"Ni\u00f1os\">\n\t\t\t\t\t\t\t\t\t\t\t<option value=\"0\"  selected='selected'>0<\/option>\n\t\t\t\t\t\t\t\t\t\t\t<option value=\"1\" >1<\/option>\n\t\t\t\t\t\t\t\t\t\t\t<option value=\"2\" >2<\/option>\n\t\t\t\t\t\t\t\t\t\t\t<option value=\"3\" >3<\/option>\n\t\t\t\t\t\t\t\t\t\t\t<option value=\"4\" >4<\/option>\n\t\t\t\t\t\t\t\t\t\t\t<option value=\"5\" >5<\/option>\n\t\t\t\t\t\t\t\t\t\t\t<option value=\"6\" >6<\/option>\n\t\t\t\t\t\t\t\t\t\t\t<option value=\"7\" >7<\/option>\n\t\t\t\t\t\t\t\t\t\t\t<option value=\"8\" >8<\/option>\n\t\t\t\t\t\t\t\t\t\t\t<option value=\"9\" >9<\/option>\n\t\t\t\t\t\t\t\t\t\t\t<option value=\"10\" >10<\/option>\n\t\t\t\t\t\t\t\t\t\t\t<option value=\"11\" >11<\/option>\n\t\t\t\t\t\t\t\t\t\t\t<option value=\"12\" >12<\/option>\n\t\t\t\t\t\t\t\t\t\t\t<option value=\"13\" >13<\/option>\n\t\t\t\t\t\t\t\t\t\t\t<option value=\"14\" >14<\/option>\n\t\t\t\t\t\t\t\t\t\t\t<option value=\"15\" >15<\/option>\n\t\t\t\t\t\t\t\t\t\t\t<option value=\"16\" >16<\/option>\n\t\t\t\t\t\t\t\t\t\t\t<option value=\"17\" >17<\/option>\n\t\t\t\t\t\t\t\t\t\t\t<option value=\"18\" >18<\/option>\n\t\t\t\t\t\t\t\t\t\t\t<option value=\"19\" >19<\/option>\n\t\t\t\t\t\t\t\t\t\t\t<option value=\"20\" >20<\/option>\n\t\t\t\t\t\t\t\t\t<\/select>\n\t\t\t<\/div>\n\t\t\t<div class=\"qodef-m-field-person qodef-e qodef--infant\">\n\t\t\t\t<div class=\"qodef-e-label\">\n\t\t\t\t\t<span class=\"qodef-e-label-text\">Beb\u00e9<\/span>\n\t\t\t\t\t<span class=\"qodef-e-label-description\">0-2 a\u00f1os<\/span>\n\t\t\t\t<\/div>\n\t\t\t\t<select name=\"infant\" class=\"qodef-e-input qodef--select2\" data-singular-label=\"Infant\" data-plural-label=\"Beb\u00e9\">\n\t\t\t\t\t\t\t\t\t\t\t<option value=\"0\"  selected='selected'>0<\/option>\n\t\t\t\t\t\t\t\t\t\t\t<option value=\"1\" >1<\/option>\n\t\t\t\t\t\t\t\t\t\t\t<option value=\"2\" >2<\/option>\n\t\t\t\t\t\t\t\t\t\t\t<option value=\"3\" >3<\/option>\n\t\t\t\t\t\t\t\t\t\t\t<option value=\"4\" >4<\/option>\n\t\t\t\t\t\t\t\t\t\t\t<option value=\"5\" >5<\/option>\n\t\t\t\t\t\t\t\t\t\t\t<option value=\"6\" >6<\/option>\n\t\t\t\t\t\t\t\t\t\t\t<option value=\"7\" >7<\/option>\n\t\t\t\t\t\t\t\t\t\t\t<option value=\"8\" >8<\/option>\n\t\t\t\t\t\t\t\t\t\t\t<option value=\"9\" >9<\/option>\n\t\t\t\t\t\t\t\t\t\t\t<option value=\"10\" >10<\/option>\n\t\t\t\t\t\t\t\t\t\t\t<option value=\"11\" >11<\/option>\n\t\t\t\t\t\t\t\t\t\t\t<option value=\"12\" >12<\/option>\n\t\t\t\t\t\t\t\t\t\t\t<option value=\"13\" >13<\/option>\n\t\t\t\t\t\t\t\t\t\t\t<option value=\"14\" >14<\/option>\n\t\t\t\t\t\t\t\t\t\t\t<option value=\"15\" >15<\/option>\n\t\t\t\t\t\t\t\t\t\t\t<option value=\"16\" >16<\/option>\n\t\t\t\t\t\t\t\t\t\t\t<option value=\"17\" >17<\/option>\n\t\t\t\t\t\t\t\t\t\t\t<option value=\"18\" >18<\/option>\n\t\t\t\t\t\t\t\t\t\t\t<option value=\"19\" >19<\/option>\n\t\t\t\t\t\t\t\t\t\t\t<option value=\"20\" >20<\/option>\n\t\t\t\t\t\t\t\t\t<\/select>\n\t\t\t<\/div>\n\t\t\t<div class=\"qodef-m-field-person qodef--button\">\n\t\t\t\t<a class=\"qodef-shortcode qodef-m qodef-button qodef-button qodef-layout--outlined qodef-size--full qodef-html--link\" href=\"#\" target=\"_self\"  >\t<span class=\"qodef-m-text\">Hecho<\/span>\t<span class=\"qodef-m-background-holder\" ><\/span><\/a>\t\t\t\t\t<\/div>\n\t\t<\/div>\n\t<\/div>\n\t<div class=\"qodef-m-field qodef--booking\">\n\t\t<button type=\"submit\" class=\"qodef-shortcode qodef-m qodef-button qodef-layout--outlined qodef-size--full\"  >\t<span class=\"qodef-m-text\">Buscar<\/span>\t<span class=\"qodef-m-background-holder\" ><\/span><\/button>\t\t\t<\/div>\n<\/form>\n<\/div>\t\t\t\t<\/div>\n\t\t\t\t<\/div>\n\t\t\t\t<\/div>\n\t\t\t\t\t<\/div>\n\t\t\t\t<\/div>\n\t\t<div class=\"elementor-element elementor-element-d591be1 e-flex e-con-boxed qodef-elementor-content-no e-con e-parent\" data-id=\"d591be1\" data-element_type=\"container\" data-e-type=\"container\">\n\t\t\t\t\t<div class=\"e-con-inner\">\n\t\t<div class=\"elementor-element elementor-element-c354e62 e-con-full e-flex qodef-elementor-content-no e-con e-child\" data-id=\"c354e62\" data-element_type=\"container\" data-e-type=\"container\">\n\t\t\t\t<div class=\"elementor-element elementor-element-5bfabe9 elementor-widget elementor-widget-alloggio_core_room_list\" data-id=\"5bfabe9\" data-element_type=\"widget\" data-e-type=\"widget\" data-widget_type=\"alloggio_core_room_list.default\">\n\t\t\t\t<div class=\"elementor-widget-container\">\n\t\t\t\t\t<div class=\"qodef-shortcode qodef-m qodef-room-list qodef-layout--boxed qodef-grid qodef-layout--columns qodef-gutter--normal qodef-col-num--2 qodef-item-layout--boxed qodef--no-bottom-space qodef-pagination--off qodef-responsive--predefined\" data-options=\"{&quot;plugin&quot;:&quot;alloggio_core&quot;,&quot;module&quot;:&quot;post-types\\\/room\\\/shortcodes&quot;,&quot;shortcode&quot;:&quot;room-list&quot;,&quot;post_type&quot;:&quot;room&quot;,&quot;next_page&quot;:&quot;2&quot;,&quot;max_pages_num&quot;:0,&quot;posts_per_page&quot;:&quot;-1&quot;,&quot;orderby&quot;:&quot;title&quot;,&quot;order&quot;:&quot;ASC&quot;,&quot;behavior&quot;:&quot;columns&quot;,&quot;images_proportion&quot;:&quot;full&quot;,&quot;columns&quot;:&quot;2&quot;,&quot;columns_responsive&quot;:&quot;predefined&quot;,&quot;columns_1440&quot;:&quot;3&quot;,&quot;columns_1366&quot;:&quot;3&quot;,&quot;columns_1024&quot;:&quot;3&quot;,&quot;columns_768&quot;:&quot;3&quot;,&quot;columns_680&quot;:&quot;3&quot;,&quot;columns_480&quot;:&quot;3&quot;,&quot;space&quot;:&quot;normal&quot;,&quot;layout&quot;:&quot;boxed&quot;,&quot;title_tag&quot;:&quot;h4&quot;,&quot;pagination_type&quot;:&quot;no-pagination&quot;,&quot;object_class_name&quot;:&quot;AlloggioCoreRoomListShortcode&quot;,&quot;additional_query_args&quot;:[],&quot;unique&quot;:&quot;1&quot;,&quot;item_classes&quot;:&quot;qodef-e qodef-room-list-item qodef-grid-item&quot;,&quot;space_value&quot;:15}\">\n\t<div class=\"qodef-grid-inner clear\">\n\t\t<article class=\"qodef-e qodef-room-list-item qodef-grid-item qodef-item--full\" >\n\t<div class=\"qodef-e-inner\">\n\t\t<div class=\"qodef-e-media\">\n\t\t\t<div class=\"qodef-e-img-holder\">\n\t\t\t\t\t<div class=\"qodef-e-media-image\" data-swiper-parallax=\"27%\">\n\t\t<a itemprop=\"url\" href=\"https:\/\/www.palacioficalho.pt\/es\/room\/suite-ficalho-2\/\">\n\t\t\t<img fetchpriority=\"high\" decoding=\"async\" width=\"790\" height=\"527\" src=\"https:\/\/www.palacioficalho.pt\/wp-content\/uploads\/2020\/03\/quartos-ficalho-1.jpg\" class=\"attachment-full size-full\" alt=\"\" srcset=\"https:\/\/www.palacioficalho.pt\/wp-content\/uploads\/2020\/03\/quartos-ficalho-1.jpg 790w, https:\/\/www.palacioficalho.pt\/wp-content\/uploads\/2020\/03\/quartos-ficalho-1-300x200.jpg 300w, https:\/\/www.palacioficalho.pt\/wp-content\/uploads\/2020\/03\/quartos-ficalho-1-768x512.jpg 768w, https:\/\/www.palacioficalho.pt\/wp-content\/uploads\/2020\/03\/quartos-ficalho-1-600x400.jpg 600w\" sizes=\"(max-width: 790px) 100vw, 790px\" \/>\t\t<\/a>\n\t<\/div>\n\t\t\t<\/div>\n\t\t<\/div>\n\t\t<div class=\"qodef-e-content\">\n\t\t\t<div class=\"qodef-e-heading\">\n\t\t\t\t<h4 itemprop=\"name\" class=\"qodef-e-title entry-title\" >\n\t<a itemprop=\"url\" href=\"https:\/\/www.palacioficalho.pt\/es\/room\/suite-ficalho-2\/\">\n\t\tSuite Ficalho\t<\/a>\n<\/h4>\t\t\t\t\t<span class=\"qodef-e-price\">\n\t\t<span class=\"qodef-e-price-label\">desde<\/span>\n\t\t<span class=\"qodef-e-price-value\">&euro;160<\/span>\n\t<\/span>\n\t\t\t<\/div>\n\t\t\t<div class=\"qodef-e-info-items\">\n\t\t\t\t\t<span class=\"qodef-e-price\">\n\t\t<span class=\"qodef-e-price-label\">desde<\/span>\n\t\t<span class=\"qodef-e-price-value\">&euro;160<\/span>\n\t<\/span>\n\t\t\t\t\t\t\t\t\t<span class=\"qodef-e-capacity\">2-4 personas<\/span>\n\t\t\t<\/div>\n\t\t\t\t\t<p itemprop=\"description\" class=\"qodef-e-excerpt\">Compuesta por un dormitorio con cama king size, una sala de estar (que puede transformarse en dormitorio doble o con dos camas individuales), un vest\u00edbulo de comunicaci\u00f3n y un ba<\/p>\n\t\t\t\t<div class=\"qodef-e-button\">\n\t<a class=\"qodef-shortcode qodef-m qodef-button qodef-layout--textual qodef-size--normal qodef-html--link\" href=\"https:\/\/www.palacioficalho.pt\/es\/room\/suite-ficalho-2\/\" target=\"_self\"  >\t<span class=\"qodef-m-text\">Reservar ahora<\/span>\t<span class=\"qodef-m-plus\"><\/span><\/a>\t\t<\/div>\t\t<\/div>\n\t<\/div>\n<\/article><article class=\"qodef-e qodef-room-list-item qodef-grid-item qodef-item--full\" >\n\t<div class=\"qodef-e-inner\">\n\t\t<div class=\"qodef-e-media\">\n\t\t\t<div class=\"qodef-e-img-holder\">\n\t\t\t\t\t<div class=\"qodef-e-media-image\" data-swiper-parallax=\"27%\">\n\t\t<a itemprop=\"url\" href=\"https:\/\/www.palacioficalho.pt\/es\/room\/suite-torrinha-2\/\">\n\t\t\t<img decoding=\"async\" width=\"790\" height=\"527\" src=\"https:\/\/www.palacioficalho.pt\/wp-content\/uploads\/2025\/10\/quartos-torrinha-3.jpg\" class=\"attachment-full size-full\" alt=\"\" srcset=\"https:\/\/www.palacioficalho.pt\/wp-content\/uploads\/2025\/10\/quartos-torrinha-3.jpg 790w, https:\/\/www.palacioficalho.pt\/wp-content\/uploads\/2025\/10\/quartos-torrinha-3-300x200.jpg 300w, https:\/\/www.palacioficalho.pt\/wp-content\/uploads\/2025\/10\/quartos-torrinha-3-768x512.jpg 768w, https:\/\/www.palacioficalho.pt\/wp-content\/uploads\/2025\/10\/quartos-torrinha-3-600x400.jpg 600w\" sizes=\"(max-width: 790px) 100vw, 790px\" \/>\t\t<\/a>\n\t<\/div>\n\t\t\t<\/div>\n\t\t<\/div>\n\t\t<div class=\"qodef-e-content\">\n\t\t\t<div class=\"qodef-e-heading\">\n\t\t\t\t<h4 itemprop=\"name\" class=\"qodef-e-title entry-title\" >\n\t<a itemprop=\"url\" href=\"https:\/\/www.palacioficalho.pt\/es\/room\/suite-torrinha-2\/\">\n\t\tSuite Torrinha\t<\/a>\n<\/h4>\t\t\t\t\t<span class=\"qodef-e-price\">\n\t\t<span class=\"qodef-e-price-label\">desde<\/span>\n\t\t<span class=\"qodef-e-price-value\">&euro;130<\/span>\n\t<\/span>\n\t\t\t<\/div>\n\t\t\t<div class=\"qodef-e-info-items\">\n\t\t\t\t\t<span class=\"qodef-e-price\">\n\t\t<span class=\"qodef-e-price-label\">desde<\/span>\n\t\t<span class=\"qodef-e-price-value\">&euro;130<\/span>\n\t<\/span>\n\t\t\t\t\t\t\t\t\t<span class=\"qodef-e-capacity\">2-4 personas<\/span>\n\t\t\t<\/div>\n\t\t\t\t\t<p itemprop=\"description\" class=\"qodef-e-excerpt\">Compuesta por un dormitorio con cama king size, una antesala (que puede transformarse en dormitorio con dos camas) y un ba\u00f1o privado.<\/p>\n\t\t\t\t<div class=\"qodef-e-button\">\n\t<a class=\"qodef-shortcode qodef-m qodef-button qodef-layout--textual qodef-size--normal qodef-html--link\" href=\"https:\/\/www.palacioficalho.pt\/es\/room\/suite-torrinha-2\/\" target=\"_self\"  >\t<span class=\"qodef-m-text\">Reservar ahora<\/span>\t<span class=\"qodef-m-plus\"><\/span><\/a>\t\t<\/div>\t\t<\/div>\n\t<\/div>\n<\/article>\t<\/div>\n\t<\/div>\t\t\t\t<\/div>\n\t\t\t\t<\/div>\n\t\t\t\t<\/div>\n\t\t\t\t\t<\/div>\n\t\t\t\t<\/div>\n\t\t\t\t<\/div>\n\t\t","protected":false},"excerpt":{"rendered":"<p>La adaptaci\u00f3n del edificio a las nuevas formas de habitar ha sido gradual y conservadora. Gran parte del d\u00eda a d\u00eda del Palacio preserva soluciones antiguas, como es el caso de la climatizaci\u00f3n: abriendo y cerrando ventanas durante el d\u00eda, aprovechando la ventilaci\u00f3n natural. Tambi\u00e9n el jard\u00edn ha ido siendo intervenido gradualmente. La rehabilitaci\u00f3n de [&hellip;]<\/p>\n","protected":false},"author":1,"featured_media":0,"parent":0,"menu_order":0,"comment_status":"closed","ping_status":"closed","template":"page-full-width.php","meta":{"footnotes":""},"class_list":["post-19374","page","type-page","status-publish","hentry"],"_links":{"self":[{"href":"https:\/\/www.palacioficalho.pt\/es\/wp-json\/wp\/v2\/pages\/19374","targetHints":{"allow":["GET"]}}],"collection":[{"href":"https:\/\/www.palacioficalho.pt\/es\/wp-json\/wp\/v2\/pages"}],"about":[{"href":"https:\/\/www.palacioficalho.pt\/es\/wp-json\/wp\/v2\/types\/page"}],"author":[{"embeddable":true,"href":"https:\/\/www.palacioficalho.pt\/es\/wp-json\/wp\/v2\/users\/1"}],"replies":[{"embeddable":true,"href":"https:\/\/www.palacioficalho.pt\/es\/wp-json\/wp\/v2\/comments?post=19374"}],"version-history":[{"count":0,"href":"https:\/\/www.palacioficalho.pt\/es\/wp-json\/wp\/v2\/pages\/19374\/revisions"}],"wp:attachment":[{"href":"https:\/\/www.palacioficalho.pt\/es\/wp-json\/wp\/v2\/media?parent=19374"}],"curies":[{"name":"wp","href":"https:\/\/api.w.org\/{rel}","templated":true}]}}