{"id":19258,"date":"2025-09-29T18:59:37","date_gmt":"2025-09-29T18:59:37","guid":{"rendered":"https:\/\/www.palacioficalho.pt\/rostros\/"},"modified":"2025-10-02T18:36:13","modified_gmt":"2025-10-02T18:36:13","slug":"rostros","status":"publish","type":"page","link":"https:\/\/www.palacioficalho.pt\/es\/palacio\/rostros\/","title":{"rendered":"rostros"},"content":{"rendered":"\t\t<div data-elementor-type=\"wp-page\" data-elementor-id=\"19258\" class=\"elementor elementor-19258 elementor-5672\">\n\t\t\t\t\t\t<section class=\"elementor-section elementor-top-section elementor-element elementor-element-f6449dc elementor-section-boxed elementor-section-height-default elementor-section-height-default qodef-elementor-content-no\" data-id=\"f6449dc\" data-element_type=\"section\" data-e-type=\"section\">\n\t\t\t\t\t\t<div class=\"elementor-container elementor-column-gap-default\">\n\t\t\t\t\t<div class=\"elementor-column elementor-col-100 elementor-top-column elementor-element elementor-element-5fd8213\" data-id=\"5fd8213\" data-element_type=\"column\" data-e-type=\"column\">\n\t\t\t<div class=\"elementor-widget-wrap elementor-element-populated\">\n\t\t\t\t\t\t<div class=\"elementor-element elementor-element-b365603 elementor-widget elementor-widget-heading\" data-id=\"b365603\" data-element_type=\"widget\" data-e-type=\"widget\" data-widget_type=\"heading.default\">\n\t\t\t\t\t<h1 class=\"elementor-heading-title elementor-size-default\">rostros<\/h1>\t\t\t\t<\/div>\n\t\t\t\t<div class=\"elementor-element elementor-element-49db314 elementor-widget elementor-widget-text-editor\" data-id=\"49db314\" data-element_type=\"widget\" data-e-type=\"widget\" data-widget_type=\"text-editor.default\">\n\t\t\t\t\t\t\t\t\t<p>La historia de una casa es hecha de personas. Aqu\u00ed algunos de los rostros que le dieron vida o que de alguna manera cruzaron en su camino. La idea es reconstruir el universo de personas que circularon per lo Pal\u00e1cio Ficalho. Esta es una primera impresi\u00f3n, que esperamos que se profundiza en el futuro, con el curso de nuestro proyecto. <br>   <\/p>\t\t\t\t\t\t\t\t<\/div>\n\t\t\t\t\t<\/div>\n\t\t<\/div>\n\t\t\t\t\t<\/div>\n\t\t<\/section>\n\t\t\t\t<section class=\"elementor-section elementor-top-section elementor-element elementor-element-988774f qodef-elementor-content-grid elementor-section-boxed elementor-section-height-default elementor-section-height-default\" data-id=\"988774f\" data-element_type=\"section\" data-e-type=\"section\">\n\t\t\t\t\t\t<div class=\"elementor-container elementor-column-gap-extended\">\n\t\t\t\t\t<div class=\"elementor-column elementor-col-100 elementor-top-column elementor-element elementor-element-aea9033\" data-id=\"aea9033\" data-element_type=\"column\" data-e-type=\"column\">\n\t\t\t<div class=\"elementor-widget-wrap elementor-element-populated\">\n\t\t\t\t\t\t<div class=\"elementor-element elementor-element-5b77ead elementor-widget elementor-widget-alloggio_core_blog_list\" data-id=\"5b77ead\" data-element_type=\"widget\" data-e-type=\"widget\" data-widget_type=\"alloggio_core_blog_list.default\">\n\t\t\t\t<div class=\"elementor-widget-container\">\n\t\t\t\t\t<div class=\"qodef-shortcode qodef-m qodef-blog qodef--list qodef-item-layout--standard qodef-grid qodef-layout--columns qodef-gutter--normal qodef-col-num--3 qodef-item-layout--standard qodef-pagination--on qodef-pagination-type--standard qodef-responsive--predefined\" data-options=\"{&quot;plugin&quot;:&quot;alloggio_core&quot;,&quot;module&quot;:&quot;blog\\\/shortcodes&quot;,&quot;shortcode&quot;:&quot;blog-list&quot;,&quot;post_type&quot;:&quot;post&quot;,&quot;next_page&quot;:&quot;2&quot;,&quot;max_pages_num&quot;:1,&quot;behavior&quot;:&quot;columns&quot;,&quot;images_proportion&quot;:&quot;full&quot;,&quot;columns&quot;:&quot;3&quot;,&quot;columns_responsive&quot;:&quot;predefined&quot;,&quot;columns_1440&quot;:&quot;3&quot;,&quot;columns_1366&quot;:&quot;3&quot;,&quot;columns_1024&quot;:&quot;3&quot;,&quot;columns_768&quot;:&quot;3&quot;,&quot;columns_680&quot;:&quot;3&quot;,&quot;columns_480&quot;:&quot;3&quot;,&quot;space&quot;:&quot;normal&quot;,&quot;posts_per_page&quot;:&quot;12&quot;,&quot;orderby&quot;:&quot;date&quot;,&quot;order&quot;:&quot;ASC&quot;,&quot;additional_params&quot;:&quot;tax&quot;,&quot;tax&quot;:&quot;category&quot;,&quot;tax_slug&quot;:&quot;rostos&quot;,&quot;layout&quot;:&quot;standard&quot;,&quot;title_tag&quot;:&quot;h5&quot;,&quot;enable_animation&quot;:&quot;no&quot;,&quot;enable_author_info&quot;:&quot;no&quot;,&quot;enable_read_more&quot;:&quot;yes&quot;,&quot;excerpt_length&quot;:&quot;120&quot;,&quot;pagination_type&quot;:&quot;standard&quot;,&quot;object_class_name&quot;:&quot;AlloggioCoreBlogListShortcode&quot;,&quot;taxonomy_filter&quot;:&quot;category&quot;,&quot;additional_query_args&quot;:{&quot;tax_query&quot;:[{&quot;taxonomy&quot;:&quot;category&quot;,&quot;field&quot;:&quot;slug&quot;,&quot;terms&quot;:&quot;rostos&quot;}]},&quot;space_value&quot;:15}\">\n\t\t<div class=\"qodef-grid-inner clear\">\n\t\t<article class=\"qodef-e qodef-blog-item qodef-grid-item qodef-item--full post-19256 post type-post status-publish format-standard hentry category-rostros\">\n\t<div class=\"qodef-e-inner\">\n\t\t<div class=\"qodef-e-media\">\n\t\t<div class=\"qodef-e-media-image\">\n\t\t<a itemprop=\"url\" href=\"https:\/\/www.palacioficalho.pt\/es\/rostros\/eca-de-queiros-1845-1900\/\">\n\t\t\t<img fetchpriority=\"high\" decoding=\"async\" width=\"600\" height=\"800\" src=\"https:\/\/www.palacioficalho.pt\/wp-content\/uploads\/2025\/09\/rostos-eca-de-queiros.jpg\" class=\"attachment-full size-full\" alt=\"E\u00e7a de Queiros\" srcset=\"https:\/\/www.palacioficalho.pt\/wp-content\/uploads\/2025\/09\/rostos-eca-de-queiros.jpg 600w, https:\/\/www.palacioficalho.pt\/wp-content\/uploads\/2025\/09\/rostos-eca-de-queiros-225x300.jpg 225w\" sizes=\"(max-width: 600px) 100vw, 600px\" \/>\t\t<\/a>\n\t<\/div>\n<\/div>\t\t<div class=\"qodef-e-content\">\n\t\t\t<div class=\"qodef-e-info qodef-info--top\">\n\t\t\t\t<div itemprop=\"dateCreated\" class=\"qodef-e-info-item qodef-e-info-date entry-date \">\n\t<a itemprop=\"url\" href=\"https:\/\/www.palacioficalho.pt\/es\/2025\/09\/\">30 de septiembre de 2025<\/a>\n\t<meta itemprop=\"interactionCount\" content=\"UserComments: 0\"\/>\n<\/div>\t\t\t<\/div>\n\t\t\t<div class=\"qodef-e-text\">\n\t\t\t\t<h5 itemprop=\"name\" class=\"qodef-e-title entry-title\" >\n\t<a itemprop=\"url\" class=\"qodef-e-title-link\" href=\"https:\/\/www.palacioficalho.pt\/es\/rostros\/eca-de-queiros-1845-1900\/\">\n\t\tE\u00e7a de Queir\u00f3s (1845-1900)\t<\/a>\n<\/h5>\t\t<p itemprop=\"description\" class=\"qodef-e-excerpt\">En la casa y en la familia.<\/p>\n\t\t\t\t<\/div>\n\t\t\t\t\t\t\t<div class=\"qodef-e-info qodef-info--bottom\">\n\t\t\t\t\t\t<div class=\"qodef-e-read-more\">\n\t\t<a class=\"qodef-shortcode qodef-m qodef-button qodef-layout--textual qodef-html--link\" href=\"https:\/\/www.palacioficalho.pt\/es\/rostros\/eca-de-queiros-1845-1900\/\" target=\"_self\"  >\t<span class=\"qodef-m-text\">Read More<\/span>\t<span class=\"qodef-m-plus\"><\/span><\/a>\t<\/div>\n\t\t\t\t<\/div>\n\t\t\t\t\t<\/div>\n\t<\/div>\n<\/article><article class=\"qodef-e qodef-blog-item qodef-grid-item qodef-item--full post-19254 post type-post status-publish format-standard hentry category-rostros\">\n\t<div class=\"qodef-e-inner\">\n\t\t<div class=\"qodef-e-media\">\n\t\t<div class=\"qodef-e-media-image\">\n\t\t<a itemprop=\"url\" href=\"https:\/\/www.palacioficalho.pt\/es\/rostros\/cuarto-conde-de-ficalho-1837-1903\/\">\n\t\t\t<img decoding=\"async\" width=\"600\" height=\"800\" src=\"https:\/\/www.palacioficalho.pt\/wp-content\/uploads\/2025\/09\/rostos-4-conde-de-ficalho.jpg\" class=\"attachment-full size-full\" alt=\"\" srcset=\"https:\/\/www.palacioficalho.pt\/wp-content\/uploads\/2025\/09\/rostos-4-conde-de-ficalho.jpg 600w, https:\/\/www.palacioficalho.pt\/wp-content\/uploads\/2025\/09\/rostos-4-conde-de-ficalho-225x300.jpg 225w\" sizes=\"(max-width: 600px) 100vw, 600px\" \/>\t\t<\/a>\n\t<\/div>\n<\/div>\t\t<div class=\"qodef-e-content\">\n\t\t\t<div class=\"qodef-e-info qodef-info--top\">\n\t\t\t\t<div itemprop=\"dateCreated\" class=\"qodef-e-info-item qodef-e-info-date entry-date \">\n\t<a itemprop=\"url\" href=\"https:\/\/www.palacioficalho.pt\/es\/2025\/09\/\">30 de septiembre de 2025<\/a>\n\t<meta itemprop=\"interactionCount\" content=\"UserComments: 0\"\/>\n<\/div>\t\t\t<\/div>\n\t\t\t<div class=\"qodef-e-text\">\n\t\t\t\t<h5 itemprop=\"name\" class=\"qodef-e-title entry-title\" >\n\t<a itemprop=\"url\" class=\"qodef-e-title-link\" href=\"https:\/\/www.palacioficalho.pt\/es\/rostros\/cuarto-conde-de-ficalho-1837-1903\/\">\n\t\tCUARTO CONDE DE FICALHO (1837-1903)\t<\/a>\n<\/h5>\t\t<p itemprop=\"description\" class=\"qodef-e-excerpt\">Bot\u00e1nico, historiador y perdedor de la vida...<\/p>\n\t\t\t\t<\/div>\n\t\t\t\t\t\t\t<div class=\"qodef-e-info qodef-info--bottom\">\n\t\t\t\t\t\t<div class=\"qodef-e-read-more\">\n\t\t<a class=\"qodef-shortcode qodef-m qodef-button qodef-layout--textual qodef-html--link\" href=\"https:\/\/www.palacioficalho.pt\/es\/rostros\/cuarto-conde-de-ficalho-1837-1903\/\" target=\"_self\"  >\t<span class=\"qodef-m-text\">Read More<\/span>\t<span class=\"qodef-m-plus\"><\/span><\/a>\t<\/div>\n\t\t\t\t<\/div>\n\t\t\t\t\t<\/div>\n\t<\/div>\n<\/article><article class=\"qodef-e qodef-blog-item qodef-grid-item qodef-item--full post-19242 post type-post status-publish format-standard hentry category-rostros\">\n\t<div class=\"qodef-e-inner\">\n\t\t<div class=\"qodef-e-media\">\n\t\t<div class=\"qodef-e-media-image\">\n\t\t<a itemprop=\"url\" href=\"https:\/\/www.palacioficalho.pt\/es\/rostros\/teresa-josefa-de-mello-breyner-1732-1794\/\">\n\t\t\t<img decoding=\"async\" width=\"600\" height=\"800\" src=\"https:\/\/www.palacioficalho.pt\/wp-content\/uploads\/2025\/09\/rostos-teresa-josefa-de-mello-breyner.jpg\" class=\"attachment-full size-full\" alt=\"\" srcset=\"https:\/\/www.palacioficalho.pt\/wp-content\/uploads\/2025\/09\/rostos-teresa-josefa-de-mello-breyner.jpg 600w, https:\/\/www.palacioficalho.pt\/wp-content\/uploads\/2025\/09\/rostos-teresa-josefa-de-mello-breyner-225x300.jpg 225w\" sizes=\"(max-width: 600px) 100vw, 600px\" \/>\t\t<\/a>\n\t<\/div>\n<\/div>\t\t<div class=\"qodef-e-content\">\n\t\t\t<div class=\"qodef-e-info qodef-info--top\">\n\t\t\t\t<div itemprop=\"dateCreated\" class=\"qodef-e-info-item qodef-e-info-date entry-date \">\n\t<a itemprop=\"url\" href=\"https:\/\/www.palacioficalho.pt\/es\/2025\/09\/\">30 de septiembre de 2025<\/a>\n\t<meta itemprop=\"interactionCount\" content=\"UserComments: 0\"\/>\n<\/div>\t\t\t<\/div>\n\t\t\t<div class=\"qodef-e-text\">\n\t\t\t\t<h5 itemprop=\"name\" class=\"qodef-e-title entry-title\" >\n\t<a itemprop=\"url\" class=\"qodef-e-title-link\" href=\"https:\/\/www.palacioficalho.pt\/es\/rostros\/teresa-josefa-de-mello-breyner-1732-1794\/\">\n\t\tTeresa Josefa de Mello Breyner (1732-1794)\t<\/a>\n<\/h5>\t\t<p itemprop=\"description\" class=\"qodef-e-excerpt\">The Transgressor: Gender and Enlightenment...<\/p>\n\t\t\t\t<\/div>\n\t\t\t\t\t\t\t<div class=\"qodef-e-info qodef-info--bottom\">\n\t\t\t\t\t\t<div class=\"qodef-e-read-more\">\n\t\t<a class=\"qodef-shortcode qodef-m qodef-button qodef-layout--textual qodef-html--link\" href=\"https:\/\/www.palacioficalho.pt\/es\/rostros\/teresa-josefa-de-mello-breyner-1732-1794\/\" target=\"_self\"  >\t<span class=\"qodef-m-text\">Read More<\/span>\t<span class=\"qodef-m-plus\"><\/span><\/a>\t<\/div>\n\t\t\t\t<\/div>\n\t\t\t\t\t<\/div>\n\t<\/div>\n<\/article><article class=\"qodef-e qodef-blog-item qodef-grid-item qodef-item--full post-19264 post type-post status-publish format-standard hentry category-rostros\">\n\t<div class=\"qodef-e-inner\">\n\t\t<div class=\"qodef-e-media\">\n\t\t<div class=\"qodef-e-media-image\">\n\t\t<a itemprop=\"url\" href=\"https:\/\/www.palacioficalho.pt\/es\/rostros\/los-mello-de-serpa-los-ficalho\/\">\n\t\t\t<img loading=\"lazy\" decoding=\"async\" width=\"600\" height=\"800\" src=\"https:\/\/www.palacioficalho.pt\/wp-content\/uploads\/2025\/09\/rostos-os-mello-de-serpa.jpg\" class=\"attachment-full size-full\" alt=\"Os Mellos de Serpa\" srcset=\"https:\/\/www.palacioficalho.pt\/wp-content\/uploads\/2025\/09\/rostos-os-mello-de-serpa.jpg 600w, https:\/\/www.palacioficalho.pt\/wp-content\/uploads\/2025\/09\/rostos-os-mello-de-serpa-225x300.jpg 225w\" sizes=\"(max-width: 600px) 100vw, 600px\" \/>\t\t<\/a>\n\t<\/div>\n<\/div>\t\t<div class=\"qodef-e-content\">\n\t\t\t<div class=\"qodef-e-info qodef-info--top\">\n\t\t\t\t<div itemprop=\"dateCreated\" class=\"qodef-e-info-item qodef-e-info-date entry-date \">\n\t<a itemprop=\"url\" href=\"https:\/\/www.palacioficalho.pt\/es\/2025\/09\/\">30 de septiembre de 2025<\/a>\n\t<meta itemprop=\"interactionCount\" content=\"UserComments: 0\"\/>\n<\/div>\t\t\t<\/div>\n\t\t\t<div class=\"qodef-e-text\">\n\t\t\t\t<h5 itemprop=\"name\" class=\"qodef-e-title entry-title\" >\n\t<a itemprop=\"url\" class=\"qodef-e-title-link\" href=\"https:\/\/www.palacioficalho.pt\/es\/rostros\/los-mello-de-serpa-los-ficalho\/\">\n\t\tLOS MELLO DE SERPA (\u201cLOS FICALHO\u201d)<br>\t<\/a>\n<\/h5>\t\t<p itemprop=\"description\" class=\"qodef-e-excerpt\">Desde 1400...<\/p>\n\t\t\t\t<\/div>\n\t\t\t\t\t\t\t<div class=\"qodef-e-info qodef-info--bottom\">\n\t\t\t\t\t\t<div class=\"qodef-e-read-more\">\n\t\t<a class=\"qodef-shortcode qodef-m qodef-button qodef-layout--textual qodef-html--link\" href=\"https:\/\/www.palacioficalho.pt\/es\/rostros\/los-mello-de-serpa-los-ficalho\/\" target=\"_self\"  >\t<span class=\"qodef-m-text\">Read More<\/span>\t<span class=\"qodef-m-plus\"><\/span><\/a>\t<\/div>\n\t\t\t\t<\/div>\n\t\t\t\t\t<\/div>\n\t<\/div>\n<\/article><article class=\"qodef-e qodef-blog-item qodef-grid-item qodef-item--full post-19228 post type-post status-publish format-standard hentry category-rostros\">\n\t<div class=\"qodef-e-inner\">\n\t\t<div class=\"qodef-e-media\">\n\t\t<div class=\"qodef-e-media-image\">\n\t\t<a itemprop=\"url\" href=\"https:\/\/www.palacioficalho.pt\/es\/rostros\/antonio-martim-e-mariazinha-de-mello-siglo-xx\/\">\n\t\t\t<img loading=\"lazy\" decoding=\"async\" width=\"600\" height=\"800\" src=\"https:\/\/www.palacioficalho.pt\/wp-content\/uploads\/2025\/09\/rostos-mariazinha-antonio-martim-de-mello.jpg\" class=\"attachment-full size-full\" alt=\"Ant\u00f3nio Martim e Mariazinha de Mello\" srcset=\"https:\/\/www.palacioficalho.pt\/wp-content\/uploads\/2025\/09\/rostos-mariazinha-antonio-martim-de-mello.jpg 600w, https:\/\/www.palacioficalho.pt\/wp-content\/uploads\/2025\/09\/rostos-mariazinha-antonio-martim-de-mello-225x300.jpg 225w\" sizes=\"(max-width: 600px) 100vw, 600px\" \/>\t\t<\/a>\n\t<\/div>\n<\/div>\t\t<div class=\"qodef-e-content\">\n\t\t\t<div class=\"qodef-e-info qodef-info--top\">\n\t\t\t\t<div itemprop=\"dateCreated\" class=\"qodef-e-info-item qodef-e-info-date entry-date \">\n\t<a itemprop=\"url\" href=\"https:\/\/www.palacioficalho.pt\/es\/2025\/10\/\">2 de octubre de 2025<\/a>\n\t<meta itemprop=\"interactionCount\" content=\"UserComments: 0\"\/>\n<\/div>\t\t\t<\/div>\n\t\t\t<div class=\"qodef-e-text\">\n\t\t\t\t<h5 itemprop=\"name\" class=\"qodef-e-title entry-title\" >\n\t<a itemprop=\"url\" class=\"qodef-e-title-link\" href=\"https:\/\/www.palacioficalho.pt\/es\/rostros\/antonio-martim-e-mariazinha-de-mello-siglo-xx\/\">\n\t\tANT\u00d3NIO MARTIM E MARIAZINHA DE MELLO (siglo XX)<br>\n  <br>\t<\/a>\n<\/h5>\t\t<p itemprop=\"description\" class=\"qodef-e-excerpt\">Una reabilita\u00e7\u00e3o do pal\u00e1cio como projecto de vida ...\n<\/p>\n\t\t\t\t<\/div>\n\t\t\t\t\t\t\t<div class=\"qodef-e-info qodef-info--bottom\">\n\t\t\t\t\t\t<div class=\"qodef-e-read-more\">\n\t\t<a class=\"qodef-shortcode qodef-m qodef-button qodef-layout--textual qodef-html--link\" href=\"https:\/\/www.palacioficalho.pt\/es\/rostros\/antonio-martim-e-mariazinha-de-mello-siglo-xx\/\" target=\"_self\"  >\t<span class=\"qodef-m-text\">Read More<\/span>\t<span class=\"qodef-m-plus\"><\/span><\/a>\t<\/div>\n\t\t\t\t<\/div>\n\t\t\t\t\t<\/div>\n\t<\/div>\n<\/article>\t<\/div>\n\t<\/div>\t\t\t\t<\/div>\n\t\t\t\t<\/div>\n\t\t\t\t\t<\/div>\n\t\t<\/div>\n\t\t\t\t\t<\/div>\n\t\t<\/section>\n\t\t\t\t<\/div>\n\t\t","protected":false},"excerpt":{"rendered":"<p>rostros La historia de una casa es hecha de personas. Aqu\u00ed algunos de los rostros que le dieron vida o que de alguna manera cruzaron en su camino. La idea es reconstruir el universo de personas que circularon per lo Pal\u00e1cio Ficalho. Esta es una primera impresi\u00f3n, que esperamos que se profundiza en el futuro, [&hellip;]<\/p>\n","protected":false},"author":1,"featured_media":0,"parent":19298,"menu_order":0,"comment_status":"closed","ping_status":"closed","template":"page-full-width.php","meta":{"footnotes":""},"class_list":["post-19258","page","type-page","status-publish","hentry"],"_links":{"self":[{"href":"https:\/\/www.palacioficalho.pt\/es\/wp-json\/wp\/v2\/pages\/19258","targetHints":{"allow":["GET"]}}],"collection":[{"href":"https:\/\/www.palacioficalho.pt\/es\/wp-json\/wp\/v2\/pages"}],"about":[{"href":"https:\/\/www.palacioficalho.pt\/es\/wp-json\/wp\/v2\/types\/page"}],"author":[{"embeddable":true,"href":"https:\/\/www.palacioficalho.pt\/es\/wp-json\/wp\/v2\/users\/1"}],"replies":[{"embeddable":true,"href":"https:\/\/www.palacioficalho.pt\/es\/wp-json\/wp\/v2\/comments?post=19258"}],"version-history":[{"count":0,"href":"https:\/\/www.palacioficalho.pt\/es\/wp-json\/wp\/v2\/pages\/19258\/revisions"}],"up":[{"embeddable":true,"href":"https:\/\/www.palacioficalho.pt\/es\/wp-json\/wp\/v2\/pages\/19298"}],"wp:attachment":[{"href":"https:\/\/www.palacioficalho.pt\/es\/wp-json\/wp\/v2\/media?parent=19258"}],"curies":[{"name":"wp","href":"https:\/\/api.w.org\/{rel}","templated":true}]}}