{"id":19108,"date":"2022-03-03T10:11:36","date_gmt":"2022-03-03T10:11:36","guid":{"rendered":"https:\/\/www.palacioficalho.pt\/proyecto\/la-casa-vista-por-nosotros\/"},"modified":"2025-10-08T11:54:39","modified_gmt":"2025-10-08T11:54:39","slug":"la-casa-vista-por-nosotros","status":"publish","type":"page","link":"https:\/\/www.palacioficalho.pt\/es\/proyecto\/la-casa-vista-por-nosotros\/","title":{"rendered":"LA CASA VISTA POR NOSOTROS"},"content":{"rendered":"\t\t<div data-elementor-type=\"wp-page\" data-elementor-id=\"19108\" class=\"elementor elementor-19108 elementor-11734\">\n\t\t\t\t\t\t<section class=\"elementor-section elementor-top-section elementor-element elementor-element-976fba2 qodef-elementor-content-grid elementor-section-boxed elementor-section-height-default elementor-section-height-default\" data-id=\"976fba2\" data-element_type=\"section\" data-e-type=\"section\">\n\t\t\t\t\t\t<div class=\"elementor-container elementor-column-gap-no\">\n\t\t\t\t\t<div class=\"elementor-column elementor-col-100 elementor-top-column elementor-element elementor-element-54933fb\" data-id=\"54933fb\" data-element_type=\"column\" data-e-type=\"column\">\n\t\t\t<div class=\"elementor-widget-wrap elementor-element-populated\">\n\t\t\t\t\t\t<div class=\"elementor-element elementor-element-54d0fb5 elementor-widget elementor-widget-image\" data-id=\"54d0fb5\" data-element_type=\"widget\" data-e-type=\"widget\" data-widget_type=\"image.default\">\n\t\t\t\t\t\t\t\t\t\t\t\t\t\t\t<img fetchpriority=\"high\" decoding=\"async\" width=\"1024\" height=\"587\" src=\"https:\/\/www.palacioficalho.pt\/wp-content\/uploads\/2025\/10\/header-a-casa-vista-por-nos.jpg\" class=\"attachment-large size-large wp-image-20715\" alt=\"\" srcset=\"https:\/\/www.palacioficalho.pt\/wp-content\/uploads\/2025\/10\/header-a-casa-vista-por-nos.jpg 1024w, https:\/\/www.palacioficalho.pt\/wp-content\/uploads\/2025\/10\/header-a-casa-vista-por-nos-300x172.jpg 300w, https:\/\/www.palacioficalho.pt\/wp-content\/uploads\/2025\/10\/header-a-casa-vista-por-nos-768x440.jpg 768w, https:\/\/www.palacioficalho.pt\/wp-content\/uploads\/2025\/10\/header-a-casa-vista-por-nos-600x344.jpg 600w\" sizes=\"(max-width: 1024px) 100vw, 1024px\" \/>\t\t\t\t\t\t\t\t\t\t\t\t\t\t\t<\/div>\n\t\t\t\t<div class=\"elementor-element elementor-element-7e8664f elementor-widget elementor-widget-heading\" data-id=\"7e8664f\" data-element_type=\"widget\" data-e-type=\"widget\" data-widget_type=\"heading.default\">\n\t\t\t\t\t<p class=\"elementor-heading-title elementor-size-default\">De izquierda a derecha: Matilde, Lu\u00edsa y Maria do Mar (Pal\u00e1cio Ficalho, Primavera 1983). Fotograf\u00eda por Mar\u00eda Jos\u00e9 Gago\n <\/p>\t\t\t\t<\/div>\n\t\t\t\t<section class=\"elementor-section elementor-inner-section elementor-element elementor-element-67b9074 elementor-section-full_width elementor-section-height-default elementor-section-height-default qodef-elementor-content-no\" data-id=\"67b9074\" data-element_type=\"section\" data-e-type=\"section\">\n\t\t\t\t\t\t<div class=\"elementor-container elementor-column-gap-default\">\n\t\t\t\t\t<div class=\"elementor-column elementor-col-50 elementor-inner-column elementor-element elementor-element-b5c6ab7\" data-id=\"b5c6ab7\" data-element_type=\"column\" data-e-type=\"column\">\n\t\t\t<div class=\"elementor-widget-wrap elementor-element-populated\">\n\t\t\t\t\t\t<div class=\"elementor-element elementor-element-2ca3946 elementor-widget elementor-widget-heading\" data-id=\"2ca3946\" data-element_type=\"widget\" data-e-type=\"widget\" data-widget_type=\"heading.default\">\n\t\t\t\t\t<h1 class=\"elementor-heading-title elementor-size-default\">LA CASA VISTA POR NOSOTROS<\/h1>\t\t\t\t<\/div>\n\t\t\t\t<div class=\"elementor-element elementor-element-1cf2d4b elementor-widget elementor-widget-text-editor\" data-id=\"1cf2d4b\" data-element_type=\"widget\" data-e-type=\"widget\" data-widget_type=\"text-editor.default\">\n\t\t\t\t\t\t\t\t\t<h2>Pal\u00e1cio Ficalho no es un lugar est\u00e1tico. Es una casa abierta para interactuar con el pasado, el futuro y reflexionar sobre todos nosotros. <\/h2>\t\t\t\t\t\t\t\t<\/div>\n\t\t\t\t\t<\/div>\n\t\t<\/div>\n\t\t\t\t<div class=\"elementor-column elementor-col-50 elementor-inner-column elementor-element elementor-element-8588cea\" data-id=\"8588cea\" data-element_type=\"column\" data-e-type=\"column\">\n\t\t\t<div class=\"elementor-widget-wrap elementor-element-populated\">\n\t\t\t\t\t\t<div class=\"elementor-element elementor-element-e1c4dec elementor-widget elementor-widget-text-editor\" data-id=\"e1c4dec\" data-element_type=\"widget\" data-e-type=\"widget\" data-widget_type=\"text-editor.default\">\n\t\t\t\t\t\t\t\t\tHeredamos una casa que representa la historia de un pueblo, un pa\u00eds y una naci\u00f3n: una historia que nos trasciende. Y, al mismo tiempo, esta es la casa donde vivimos nuestra historia familiar, donde crecimos, donde escuchamos historias de nuestros padres y abuelos, y aprendimos de ellos. \n\nCrear nuevas memorias sobre este espacio, compartir con ustedes no solo su historia y su belleza, sino la mirada de quienes la ven como una casa \u2013 con todo lo que esa mirada implica \u2013 es nuestro objetivo. Lograrlo con mente abierta e imaginaci\u00f3n, respetando el equilibrio secular de las cosas, y al mismo tiempo velando por la conservaci\u00f3n del edificio, es nuestro reto. \n\nTres mujeres, una madre y dos hijas, con enfoques no siempre id\u00e9nticos, han aprendido a trabajar juntas, a trav\u00e9s de la negociaci\u00f3n y la construcci\u00f3n de consenso. Este camino ha sido una hermosa aventura y creemos que podemos continuar, ahora en di\u00e1logo con otras estructuras, a partir de un programa amplio y duradero. \n\nEl inicio de las visitas guiadas en la primavera de 2021 fue el primer paso para abrir la casa al p\u00fablico. A esto le sigui\u00f3 la reestructuraci\u00f3n de los espacios para la realizaci\u00f3n de eventos, producciones e iniciativas culturales. Finalmente, hemos iniciado un proyecto arquitect\u00f3nico que engloba la casa y el jard\u00edn en su conjunto, incluyendo la construcci\u00f3n de viviendas y residencias art\u00edsticas\/cient\u00edficas previstas.  \n\nPara nosotros, este no es un lugar est\u00e1tico. Es una casa que existe para interactuar con el pasado, el futuro y para reflexionar sobre todos nosotros. \n\nMatilde, Luisa y Mar\u00eda<br>\t\t\t\t\t\t\t\t<\/div>\n\t\t\t\t\t<\/div>\n\t\t<\/div>\n\t\t\t\t\t<\/div>\n\t\t<\/section>\n\t\t\t\t\t<\/div>\n\t\t<\/div>\n\t\t\t\t\t<\/div>\n\t\t<\/section>\n\t\t\t\t<\/div>\n\t\t","protected":false},"excerpt":{"rendered":"<p>De izquierda a derecha: Matilde, Lu\u00edsa y Maria do Mar (Pal\u00e1cio Ficalho, Primavera 1983). Fotograf\u00eda por Mar\u00eda Jos\u00e9 Gago LA CASA VISTA POR NOSOTROS Pal\u00e1cio Ficalho no es un lugar est\u00e1tico. Es una casa abierta para interactuar con el pasado, el futuro y reflexionar sobre todos nosotros. Heredamos una casa que representa la historia de [&hellip;]<\/p>\n","protected":false},"author":1,"featured_media":0,"parent":19090,"menu_order":0,"comment_status":"closed","ping_status":"closed","template":"page-full-width.php","meta":{"footnotes":""},"class_list":["post-19108","page","type-page","status-publish","hentry"],"_links":{"self":[{"href":"https:\/\/www.palacioficalho.pt\/es\/wp-json\/wp\/v2\/pages\/19108","targetHints":{"allow":["GET"]}}],"collection":[{"href":"https:\/\/www.palacioficalho.pt\/es\/wp-json\/wp\/v2\/pages"}],"about":[{"href":"https:\/\/www.palacioficalho.pt\/es\/wp-json\/wp\/v2\/types\/page"}],"author":[{"embeddable":true,"href":"https:\/\/www.palacioficalho.pt\/es\/wp-json\/wp\/v2\/users\/1"}],"replies":[{"embeddable":true,"href":"https:\/\/www.palacioficalho.pt\/es\/wp-json\/wp\/v2\/comments?post=19108"}],"version-history":[{"count":0,"href":"https:\/\/www.palacioficalho.pt\/es\/wp-json\/wp\/v2\/pages\/19108\/revisions"}],"up":[{"embeddable":true,"href":"https:\/\/www.palacioficalho.pt\/es\/wp-json\/wp\/v2\/pages\/19090"}],"wp:attachment":[{"href":"https:\/\/www.palacioficalho.pt\/es\/wp-json\/wp\/v2\/media?parent=19108"}],"curies":[{"name":"wp","href":"https:\/\/api.w.org\/{rel}","templated":true}]}}