{"id":21082,"date":"2025-12-12T11:22:12","date_gmt":"2025-12-12T11:22:12","guid":{"rendered":"https:\/\/www.palacioficalho.pt\/what-to-do-in-serpa\/"},"modified":"2025-12-28T17:59:37","modified_gmt":"2025-12-28T17:59:37","slug":"what-to-do-in-serpa","status":"publish","type":"page","link":"https:\/\/www.palacioficalho.pt\/en\/what-to-do-in-serpa\/","title":{"rendered":"What to Do in Serpa"},"content":{"rendered":"\t\t<div data-elementor-type=\"wp-page\" data-elementor-id=\"21082\" class=\"elementor elementor-21082 elementor-20966\">\n\t\t\t\t<div class=\"elementor-element elementor-element-62a0347 e-flex e-con-boxed qodef-elementor-content-no e-con e-parent\" data-id=\"62a0347\" data-element_type=\"container\" data-e-type=\"container\">\n\t\t\t\t\t<div class=\"e-con-inner\">\n\t\t\t\t<div class=\"elementor-element elementor-element-ee29e98 elementor-widget elementor-widget-heading\" data-id=\"ee29e98\" data-element_type=\"widget\" data-e-type=\"widget\" data-widget_type=\"heading.default\">\n\t\t\t\t\t<h2 class=\"elementor-heading-title elementor-size-default\">WHERE TO EAT IN SERPA<\/h2>\t\t\t\t<\/div>\n\t\t\t\t\t<\/div>\n\t\t\t\t<\/div>\n\t\t<div class=\"elementor-element elementor-element-270e8e2 e-flex e-con-boxed qodef-elementor-content-no e-con e-parent\" data-id=\"270e8e2\" data-element_type=\"container\" data-e-type=\"container\">\n\t\t\t\t\t<div class=\"e-con-inner\">\n\t\t<div class=\"elementor-element elementor-element-1f65026 e-con-full e-flex qodef-elementor-content-no e-con e-child\" data-id=\"1f65026\" data-element_type=\"container\" data-e-type=\"container\">\n\t\t\t\t<div class=\"elementor-element elementor-element-c138d95 elementor-widget elementor-widget-image\" data-id=\"c138d95\" data-element_type=\"widget\" data-e-type=\"widget\" data-widget_type=\"image.default\">\n\t\t\t\t\t\t\t\t\t\t\t\t\t\t\t<img fetchpriority=\"high\" decoding=\"async\" width=\"1024\" height=\"683\" src=\"https:\/\/www.palacioficalho.pt\/wp-content\/uploads\/2025\/12\/o-que-fazer-serpa-1-1024x683.jpeg\" class=\"attachment-large size-large wp-image-21079\" alt=\"\" srcset=\"https:\/\/www.palacioficalho.pt\/wp-content\/uploads\/2025\/12\/o-que-fazer-serpa-1-1024x683.jpeg 1024w, https:\/\/www.palacioficalho.pt\/wp-content\/uploads\/2025\/12\/o-que-fazer-serpa-1-300x200.jpeg 300w, https:\/\/www.palacioficalho.pt\/wp-content\/uploads\/2025\/12\/o-que-fazer-serpa-1-768x512.jpeg 768w, https:\/\/www.palacioficalho.pt\/wp-content\/uploads\/2025\/12\/o-que-fazer-serpa-1-1536x1024.jpeg 1536w, https:\/\/www.palacioficalho.pt\/wp-content\/uploads\/2025\/12\/o-que-fazer-serpa-1-2048x1365.jpeg 2048w, https:\/\/www.palacioficalho.pt\/wp-content\/uploads\/2025\/12\/o-que-fazer-serpa-1-600x400.jpeg 600w\" sizes=\"(max-width: 1024px) 100vw, 1024px\" \/>\t\t\t\t\t\t\t\t\t\t\t\t\t\t\t<\/div>\n\t\t\t\t<\/div>\n\t\t<div class=\"elementor-element elementor-element-4fe074e e-con-full e-flex qodef-elementor-content-no e-con e-child\" data-id=\"4fe074e\" data-element_type=\"container\" data-e-type=\"container\">\n\t\t\t\t<div class=\"elementor-element elementor-element-8a98031 elementor-widget elementor-widget-heading\" data-id=\"8a98031\" data-element_type=\"widget\" data-e-type=\"widget\" data-widget_type=\"heading.default\">\n\t\t\t\t\t<h1 class=\"elementor-heading-title elementor-size-default\">BREAKFAST<\/h1>\t\t\t\t<\/div>\n\t\t\t\t<div class=\"elementor-element elementor-element-1067922 elementor-widget elementor-widget-text-editor\" data-id=\"1067922\" data-element_type=\"widget\" data-e-type=\"widget\" data-widget_type=\"text-editor.default\">\n\t\t\t\t\t\t\t\t\t<p>D. Lu\u00eds (opens at 07:00) <br><a href=\"https:\/\/www.instagram.com\/0__alentejano_serpa\/\" target=\"_blank\" rel=\"noopener\">Caf\u00e9 Alentejano<\/a> (opens at 08:30)<br>Bazar (opens at 09:30)<\/p>\t\t\t\t\t\t\t\t<\/div>\n\t\t\t\t<div class=\"elementor-element elementor-element-6a2cb17 elementor-widget elementor-widget-heading\" data-id=\"6a2cb17\" data-element_type=\"widget\" data-e-type=\"widget\" data-widget_type=\"heading.default\">\n\t\t\t\t\t<h1 class=\"elementor-heading-title elementor-size-default\">LUNCHES AND DINNERS<\/h1>\t\t\t\t<\/div>\n\t\t\t\t<div class=\"elementor-element elementor-element-91f5554 elementor-widget elementor-widget-text-editor\" data-id=\"91f5554\" data-element_type=\"widget\" data-e-type=\"widget\" data-widget_type=\"text-editor.default\">\n\t\t\t\t\t\t\t\t\t<p><a href=\"https:\/\/www.instagram.com\/0__alentejano_serpa\/\" target=\"_blank\" rel=\"noopener\" data-wplink-edit=\"true\">O Alentejano<\/a><br><a href=\"https:\/\/www.instagram.com\/molho_bico\/\" target=\"_blank\" rel=\"noopener\">Molh\u00f3 Bico<\/a><br><a href=\"https:\/\/www.facebook.com\/p\/Caf%C3%A9-Restaurante-O-Engrola-100063575562288\/?locale=pt_PT\" target=\"_blank\" rel=\"noopener\">O Engrola<\/a><br><a href=\"https:\/\/www.tripadvisor.pt\/Restaurant_Review-g189109-d8644310-Reviews-Arrozinho_de_Feijao-Serpa_Beja_District_Alentejo.html\" target=\"_blank\" rel=\"noopener\">Arrozinho com feij\u00e3o<\/a><br><a href=\"https:\/\/www.tripadvisor.pt\/Restaurant_Review-g189109-d7772524-Reviews-Cervejaria_Lebrinha-Serpa_Beja_District_Alentejo.html\" target=\"_blank\" rel=\"noopener\">Lebrinha<\/a><br><a href=\"https:\/\/restauranteapiscina.com\/en\/home-page\/\" target=\"_blank\" rel=\"noopener\">Piscinas<\/a><\/p>\t\t\t\t\t\t\t\t<\/div>\n\t\t\t\t<\/div>\n\t\t\t\t\t<\/div>\n\t\t\t\t<\/div>\n\t\t<div class=\"elementor-element elementor-element-b76f802 e-flex e-con-boxed qodef-elementor-content-no e-con e-parent\" data-id=\"b76f802\" data-element_type=\"container\" data-e-type=\"container\">\n\t\t\t\t\t<div class=\"e-con-inner\">\n\t\t\t\t<div class=\"elementor-element elementor-element-fa7e871 elementor-widget elementor-widget-heading\" data-id=\"fa7e871\" data-element_type=\"widget\" data-e-type=\"widget\" data-widget_type=\"heading.default\">\n\t\t\t\t\t<h2 class=\"elementor-heading-title elementor-size-default\">WHAT TO DO IN SERPA<\/h2>\t\t\t\t<\/div>\n\t\t\t\t\t<\/div>\n\t\t\t\t<\/div>\n\t\t<div class=\"elementor-element elementor-element-0e750fb e-flex e-con-boxed qodef-elementor-content-no e-con e-parent\" data-id=\"0e750fb\" data-element_type=\"container\" data-e-type=\"container\">\n\t\t\t\t\t<div class=\"e-con-inner\">\n\t\t<div class=\"elementor-element elementor-element-13a1a12 e-con-full e-flex qodef-elementor-content-no e-con e-child\" data-id=\"13a1a12\" data-element_type=\"container\" data-e-type=\"container\">\n\t\t\t\t<div class=\"elementor-element elementor-element-2c8ea78 elementor-widget elementor-widget-heading\" data-id=\"2c8ea78\" data-element_type=\"widget\" data-e-type=\"widget\" data-widget_type=\"heading.default\">\n\t\t\t\t\t<h1 class=\"elementor-heading-title elementor-size-default\">MUSEUMS<\/h1>\t\t\t\t<\/div>\n\t\t\t\t<div class=\"elementor-element elementor-element-3896525 elementor-widget elementor-widget-text-editor\" data-id=\"3896525\" data-element_type=\"widget\" data-e-type=\"widget\" data-widget_type=\"text-editor.default\">\n\t\t\t\t\t\t\t\t\t<p><a href=\"https:\/\/www.google.com\/search?q=Museu+Arqueol%C3%B3gico+serpa&amp;oq=Museu+Arqueol%C3%B3gico+serpa&amp;gs_lcrp=EgZjaHJvbWUyBggAEEUYOdIBCDE3OTBqMGo0qAIAsAIA&amp;sourceid=chrome&amp;ie=UTF-8\" target=\"_blank\" rel=\"noopener\">Archaeological Museum<\/a><br><a href=\"https:\/\/www.visitserpa.pt\/44533\/museu-municipal-de-etnografia\" target=\"_blank\" rel=\"noopener\">Ethnographic Museum<\/a><br><a href=\"http:\/\/museudorelogio.com\/\" target=\"_blank\" rel=\"noopener\">Clock Museum<\/a><br><a href=\"https:\/\/www.cm-serpa.pt\/pt\/menu\/767\/museu-do-cante-alentejano.aspx\" target=\"_blank\" rel=\"noopener\">Cante Museum<\/a><\/p>\t\t\t\t\t\t\t\t<\/div>\n\t\t\t\t<div class=\"elementor-element elementor-element-87aeeb2 elementor-widget elementor-widget-heading\" data-id=\"87aeeb2\" data-element_type=\"widget\" data-e-type=\"widget\" data-widget_type=\"heading.default\">\n\t\t\t\t\t<h1 class=\"elementor-heading-title elementor-size-default\">WALKING TRAILS <\/h1>\t\t\t\t<\/div>\n\t\t\t\t<div class=\"elementor-element elementor-element-79cea18 elementor-widget elementor-widget-text-editor\" data-id=\"79cea18\" data-element_type=\"widget\" data-e-type=\"widget\" data-widget_type=\"text-editor.default\">\n\t\t\t\t\t\t\t\t\t<p><a href=\"https:\/\/www.visitserpa.pt\/44516\/percursos-pedes%20tres\">Hiking Routes<\/a><\/p>\t\t\t\t\t\t\t\t<\/div>\n\t\t\t\t<\/div>\n\t\t<div class=\"elementor-element elementor-element-3daac1f e-con-full e-flex qodef-elementor-content-no e-con e-child\" data-id=\"3daac1f\" data-element_type=\"container\" data-e-type=\"container\">\n\t\t\t\t<div class=\"elementor-element elementor-element-d243467 elementor-widget elementor-widget-image\" data-id=\"d243467\" data-element_type=\"widget\" data-e-type=\"widget\" data-widget_type=\"image.default\">\n\t\t\t\t\t\t\t\t\t\t\t\t\t\t\t<img decoding=\"async\" width=\"1024\" height=\"683\" src=\"https:\/\/www.palacioficalho.pt\/wp-content\/uploads\/2025\/12\/o-que-fazer-serpa-2-1024x683.jpeg\" class=\"attachment-large size-large wp-image-21080\" alt=\"\" srcset=\"https:\/\/www.palacioficalho.pt\/wp-content\/uploads\/2025\/12\/o-que-fazer-serpa-2-1024x683.jpeg 1024w, https:\/\/www.palacioficalho.pt\/wp-content\/uploads\/2025\/12\/o-que-fazer-serpa-2-300x200.jpeg 300w, https:\/\/www.palacioficalho.pt\/wp-content\/uploads\/2025\/12\/o-que-fazer-serpa-2-768x512.jpeg 768w, https:\/\/www.palacioficalho.pt\/wp-content\/uploads\/2025\/12\/o-que-fazer-serpa-2-1536x1024.jpeg 1536w, https:\/\/www.palacioficalho.pt\/wp-content\/uploads\/2025\/12\/o-que-fazer-serpa-2-2048x1365.jpeg 2048w, https:\/\/www.palacioficalho.pt\/wp-content\/uploads\/2025\/12\/o-que-fazer-serpa-2-600x400.jpeg 600w\" sizes=\"(max-width: 1024px) 100vw, 1024px\" \/>\t\t\t\t\t\t\t\t\t\t\t\t\t\t\t<\/div>\n\t\t\t\t<\/div>\n\t\t\t\t\t<\/div>\n\t\t\t\t<\/div>\n\t\t<div class=\"elementor-element elementor-element-72cfb0c e-flex e-con-boxed qodef-elementor-content-no e-con e-parent\" data-id=\"72cfb0c\" data-element_type=\"container\" data-e-type=\"container\">\n\t\t\t\t\t<div class=\"e-con-inner\">\n\t\t\t\t<div class=\"elementor-element elementor-element-c30096f elementor-widget elementor-widget-heading\" data-id=\"c30096f\" data-element_type=\"widget\" data-e-type=\"widget\" data-widget_type=\"heading.default\">\n\t\t\t\t\t<h2 class=\"elementor-heading-title elementor-size-default\">WHAT TO DO IN THE REGION<\/h2>\t\t\t\t<\/div>\n\t\t\t\t\t<\/div>\n\t\t\t\t<\/div>\n\t\t<div class=\"elementor-element elementor-element-f8fc354 e-flex e-con-boxed qodef-elementor-content-no e-con e-parent\" data-id=\"f8fc354\" data-element_type=\"container\" data-e-type=\"container\">\n\t\t\t\t\t<div class=\"e-con-inner\">\n\t\t<div class=\"elementor-element elementor-element-0169b77 e-con-full e-flex qodef-elementor-content-no e-con e-child\" data-id=\"0169b77\" data-element_type=\"container\" data-e-type=\"container\">\n\t\t\t\t<div class=\"elementor-element elementor-element-ef7760f elementor-widget elementor-widget-image\" data-id=\"ef7760f\" data-element_type=\"widget\" data-e-type=\"widget\" data-widget_type=\"image.default\">\n\t\t\t\t\t\t\t\t\t\t\t\t\t\t\t<img decoding=\"async\" width=\"600\" height=\"400\" src=\"https:\/\/www.palacioficalho.pt\/wp-content\/uploads\/2025\/12\/o-que-fazer-serpa-praia-1.jpg\" class=\"attachment-large size-large wp-image-21081\" alt=\"\" srcset=\"https:\/\/www.palacioficalho.pt\/wp-content\/uploads\/2025\/12\/o-que-fazer-serpa-praia-1.jpg 600w, https:\/\/www.palacioficalho.pt\/wp-content\/uploads\/2025\/12\/o-que-fazer-serpa-praia-1-300x200.jpg 300w\" sizes=\"(max-width: 600px) 100vw, 600px\" \/>\t\t\t\t\t\t\t\t\t\t\t\t\t\t\t<\/div>\n\t\t\t\t<\/div>\n\t\t<div class=\"elementor-element elementor-element-c10ee85 e-con-full e-flex qodef-elementor-content-no e-con e-child\" data-id=\"c10ee85\" data-element_type=\"container\" data-e-type=\"container\">\n\t\t\t\t<div class=\"elementor-element elementor-element-1c1425b elementor-widget elementor-widget-text-editor\" data-id=\"1c1425b\" data-element_type=\"widget\" data-e-type=\"widget\" data-widget_type=\"text-editor.default\">\n\t\t\t\t\t\t\t\t\t<p><strong>HORSE RIDING<\/strong><br><a href=\"https:\/\/scupertino.pt\" target=\"_blank\" rel=\"noopener\">Cupertino<\/a><\/p><p>ACTIVITIES IN ALQUEVA<br><a href=\"https:\/\/www.roteirodoalqueva.com\" target=\"_blank\" rel=\"noopener\">Alqueva Route<\/a><\/p><p><strong>ACTIVITIES IN M\u00c9RTOLA<\/strong><br><a href=\"https:\/\/www.visitmertola.pt\/\" target=\"_blank\" rel=\"noopener\">Visit Mertola<\/a><\/p><p><strong>RIVER BEACHES<\/strong> <br><a href=\"https:\/\/www.google.com\/search?q=Praia+dos+5+Reis&amp;oq=Praia+dos+5+Reis&amp;gs_lcrp=EgZjaHJvbWUyBggAEEUYOdIBBzI4NWowajSoAgCwAgE&amp;sourceid=chrome&amp;ie=UTF-8\" target=\"_blank\" rel=\"noopener\">Praia dos 5 Reis<\/a><br><a href=\"https:\/\/www.google.com\/search?q=Praia+Moinhos+Velhos+de+Brinches&amp;sca_esv=f0158aba78c19323&amp;sxsrf=AE3TifOkG_xoQ1sKSxh-1waxsvkVWgjquQ%3A1765542943559&amp;ei=Hww8aePnIZzp7M8P7MfmkAI&amp;ved=2ahUKEwij8_H_h7iRAxWcNPsDHeyjGSIQ4dUDegQIBRAN&amp;uact=5&amp;oq=Praia+Moinhos+Velhos+de+Brinches&amp;gs_lp=Egxnd3Mtd2l6LXNlcnAiIFByYWlhIE1vaW5ob3MgVmVsaG9zIGRlIEJyaW5jaGVzMgUQIRifBUjvA1BrWGtwAXgBkAEAmAGiAaABogGqAQMwLjG4AQPIAQD4AQL4AQGYAgKgArgBwgIKEAAYsAMY1gQYR8ICDRAAGIAEGLADGEMYigWYAwCIBgGQBgqSBwMxLjGgB7sBsgcDMC4xuAepAcIHBzAuMS4wLjHIBw-ACAA&amp;sclient=gws-wiz-serp\" target=\"_blank\" rel=\"noopener\">Moinhos Velhos de Brinches<\/a><br><a href=\"https:\/\/www.google.com\/search?q=Praia+da+Mina+de+S%C3%A3o+Domingos&amp;sca_esv=f0158aba78c19323&amp;sxsrf=AE3TifNNbTv4jmvfCjFWcH78f65kdUb2bQ%3A1765542966378&amp;ei=Ngw8afvxFqOSkdUP55WduA4&amp;ved=2ahUKEwj75OKKiLiRAxUjSaQEHedKB-cQ4dUDegQIBRAN&amp;uact=5&amp;oq=Praia+da+Mina+de+S%C3%A3o+Domingos&amp;gs_lp=Egxnd3Mtd2l6LXNlcnAiHlByYWlhIGRhIE1pbmEgZGUgU8OjbyBEb21pbmdvczILEAAYsAMYogQYiQUyCxAAGIAEGLADGKIEMgsQABiABBiwAxiiBDILEAAYgAQYsAMYogRIgAVQ-ANY-ANwAXgAkAEAmAEAoAEAqgEAuAEDyAEA-AEC-AEBmAIBoAIHmAMAiAYBkAYEkgcBMaAHALIHALgHAMIHAzItMcgHBYAIAA&amp;sclient=gws-wiz-serp\" target=\"_blank\" rel=\"noopener\">Praia da Mina de S\u00e3o Domingos<\/a><\/p>\t\t\t\t\t\t\t\t<\/div>\n\t\t\t\t<\/div>\n\t\t\t\t\t<\/div>\n\t\t\t\t<\/div>\n\t\t\t\t<\/div>\n\t\t","protected":false},"excerpt":{"rendered":"<p>WHERE TO EAT IN SERPA BREAKFAST D. Lu\u00eds (opens at 07:00) Caf\u00e9 Alentejano (opens at 08:30)Bazar (opens at 09:30) LUNCHES AND DINNERS O AlentejanoMolh\u00f3 BicoO EngrolaArrozinho com feij\u00e3oLebrinhaPiscinas WHAT TO DO IN SERPA MUSEUMS Archaeological MuseumEthnographic MuseumClock MuseumCante Museum WALKING TRAILS Hiking Routes WHAT TO DO IN THE REGION HORSE RIDINGCupertino ACTIVITIES IN ALQUEVAAlqueva Route [&hellip;]<\/p>\n","protected":false},"author":1,"featured_media":0,"parent":0,"menu_order":0,"comment_status":"closed","ping_status":"closed","template":"","meta":{"footnotes":""},"class_list":["post-21082","page","type-page","status-publish","hentry"],"_links":{"self":[{"href":"https:\/\/www.palacioficalho.pt\/en\/wp-json\/wp\/v2\/pages\/21082","targetHints":{"allow":["GET"]}}],"collection":[{"href":"https:\/\/www.palacioficalho.pt\/en\/wp-json\/wp\/v2\/pages"}],"about":[{"href":"https:\/\/www.palacioficalho.pt\/en\/wp-json\/wp\/v2\/types\/page"}],"author":[{"embeddable":true,"href":"https:\/\/www.palacioficalho.pt\/en\/wp-json\/wp\/v2\/users\/1"}],"replies":[{"embeddable":true,"href":"https:\/\/www.palacioficalho.pt\/en\/wp-json\/wp\/v2\/comments?post=21082"}],"version-history":[{"count":0,"href":"https:\/\/www.palacioficalho.pt\/en\/wp-json\/wp\/v2\/pages\/21082\/revisions"}],"wp:attachment":[{"href":"https:\/\/www.palacioficalho.pt\/en\/wp-json\/wp\/v2\/media?parent=21082"}],"curies":[{"name":"wp","href":"https:\/\/api.w.org\/{rel}","templated":true}]}}