{"id":18987,"date":"2025-09-29T18:59:40","date_gmt":"2025-09-29T18:59:40","guid":{"rendered":"https:\/\/www.palacioficalho.pt\/palacio-ficalho-monumento-nacional\/"},"modified":"2026-01-06T12:03:13","modified_gmt":"2026-01-06T12:03:13","slug":"palacio-ficalho-monumento-nacional","status":"publish","type":"page","link":"https:\/\/www.palacioficalho.pt\/en\/","title":{"rendered":"Pal\u00e1cio Ficalho &#8211; Monumento Nacional"},"content":{"rendered":"\t\t<div data-elementor-type=\"wp-page\" data-elementor-id=\"18987\" class=\"elementor elementor-18987 elementor-13502\">\n\t\t\t\t<div class=\"elementor-element elementor-element-b399d28 e-flex e-con-boxed qodef-elementor-content-no e-con e-parent\" data-id=\"b399d28\" data-element_type=\"container\" data-e-type=\"container\">\n\t\t\t\t\t<div class=\"e-con-inner\">\n\t\t<div class=\"elementor-element elementor-element-109dff6 e-con-full e-flex qodef-elementor-content-no e-con e-child\" data-id=\"109dff6\" data-element_type=\"container\" data-e-type=\"container\">\n\t\t\t\t<div class=\"elementor-element elementor-element-cf8468d elementor-widget elementor-widget-slider_revolution\" data-id=\"cf8468d\" data-element_type=\"widget\" data-e-type=\"widget\" data-widget_type=\"slider_revolution.default\">\n\t\t\t\t\t\n\t\t<div class=\"wp-block-themepunch-revslider\">\n\t\t\t\t<p class=\"rs-p-wp-fix\"><\/p>\n\t\t\t\t<sr7-module data-alias=\"inicio-2-1\" data-id=\"11\" id=\"SR7_11_1\" class=\"rs-ov-hidden\" data-version=\"6.7.34\">\n\t\t\t\t\t<sr7-adjuster><\/sr7-adjuster>\n\t\t\t\t\t<sr7-content>\n\t\t\t\t\t\t<sr7-slide id=\"SR7_11_1-43\" data-key=\"43\">\n\t\t\t\t\t\t<\/sr7-slide>\n\t\t\t\t\t\t<sr7-slide id=\"SR7_11_1-45\" data-key=\"45\">\n\t\t\t\t\t\t<\/sr7-slide>\n\t\t\t\t\t\t<sr7-slide id=\"SR7_11_1-40\" data-key=\"40\">\n\t\t\t\t\t\t\t<sr7-bg id=\"SR7_11_1-40-1\" class=\"sr7-layer\"><noscript><img decoding=\"async\" src=\"https:\/\/www.palacioficalho.pt\/wp-content\/uploads\/revslider\/inicio-2\/revslider-06.jpg\" alt=\"\" title=\"revslider-06.jpg\"><\/noscript><\/sr7-bg>\n\t\t\t\t\t\t<\/sr7-slide>\n\t\t\t\t\t\t<sr7-slide id=\"SR7_11_1-41\" data-key=\"41\">\n\t\t\t\t\t\t\t<sr7-bg id=\"SR7_11_1-41-1\" class=\"sr7-layer\"><noscript><img decoding=\"async\" src=\"https:\/\/www.palacioficalho.pt\/wp-content\/uploads\/revslider\/inicio-2\/homepage-slider-5.jpg\" alt=\"\" title=\"homepage-slider-5.jpg\"><\/noscript><\/sr7-bg>\n\t\t\t\t\t\t<\/sr7-slide>\n\t\t\t\t\t\t<sr7-slide id=\"SR7_11_1-42\" data-key=\"42\">\n\t\t\t\t\t\t\t<sr7-bg id=\"SR7_11_1-42-1\" class=\"sr7-layer\"><noscript><img decoding=\"async\" src=\"https:\/\/www.palacioficalho.pt\/wp-content\/uploads\/revslider\/inicio-2\/homepage-slider-3.jpg\" alt=\"\" title=\"homepage-slider-3.jpg\"><\/noscript><\/sr7-bg>\n\t\t\t\t\t\t<\/sr7-slide>\n\t\t\t\t\t\t<sr7-slide id=\"SR7_11_1-44\" data-key=\"44\">\n\t\t\t\t\t\t<\/sr7-slide>\n\t\t\t\t\t<\/sr7-content>\n\t\t\t\t\t<image_lists style=\"display:none\">\n\t\t\t\t\t\t<img data-src=\"\/\/www.palacioficalho.pt\/wp-content\/uploads\/revslider\/inicio-2\/palacio-ficalho-logo-animacao-1.png\" data-libid=\"18775\" data-lib=\"medialibrary\" title=\"palacio-ficalho-logo-animacao-1.png\" width=\"0\" height=\"0\" data-dbsrc=\"Ly93d3cucGFsYWNpb2ZpY2FsaG8ucHQvd3AtY29udGVudC91cGxvYWRzL3JldnNsaWRlci9pbmljaW8tMi9wYWxhY2lvLWZpY2FsaG8tbG9nby1hbmltYWNhby0xLnBuZw==\"\/>\n\t\t\t\t\t\t<img data-src=\"\/\/www.palacioficalho.pt\/wp-content\/uploads\/revslider\/inicio-2\/revslider-06.jpg\" data-libid=\"18774\" data-lib=\"medialibrary\" title=\"revslider-06.jpg\" width=\"0\" height=\"0\" data-dbsrc=\"Ly93d3cucGFsYWNpb2ZpY2FsaG8ucHQvd3AtY29udGVudC91cGxvYWRzL3JldnNsaWRlci9pbmljaW8tMi9yZXZzbGlkZXItMDYuanBn\"\/>\n\t\t\t\t\t\t<img data-src=\"\/\/www.palacioficalho.pt\/wp-content\/uploads\/revslider\/inicio-2\/homepage-slider-5.jpg\" data-libid=\"18776\" data-lib=\"medialibrary\" title=\"homepage-slider-5.jpg\" width=\"0\" height=\"0\" data-dbsrc=\"Ly93d3cucGFsYWNpb2ZpY2FsaG8ucHQvd3AtY29udGVudC91cGxvYWRzL3JldnNsaWRlci9pbmljaW8tMi9ob21lcGFnZS1zbGlkZXItNS5qcGc=\"\/>\n\t\t\t\t\t\t<img loading=\"lazy\" data-src=\"\/\/www.palacioficalho.pt\/wp-content\/uploads\/revslider\/inicio-2\/homepage-slider-3.jpg\" data-libid=\"18777\" data-lib=\"medialibrary\" title=\"homepage-slider-3.jpg\" width=\"0\" height=\"0\" data-dbsrc=\"Ly93d3cucGFsYWNpb2ZpY2FsaG8ucHQvd3AtY29udGVudC91cGxvYWRzL3JldnNsaWRlci9pbmljaW8tMi9ob21lcGFnZS1zbGlkZXItMy5qcGc=\"\/>\n\t\t\t\t\t\t<img loading=\"lazy\" data-src=\"\/\/www.palacioficalho.pt\/wp-content\/uploads\/2025\/12\/homepage-slider-9.jpg\" data-libid=\"20947\" data-lib=\"medialibrary\" title=\"homepage-slider-9\" width=\"0\" height=\"0\" data-dbsrc=\"Ly93d3cucGFsYWNpb2ZpY2FsaG8ucHQvd3AtY29udGVudC91cGxvYWRzLzIwMjUvMTIvaG9tZXBhZ2Utc2xpZGVyLTkuanBn\"\/>\n\t\t\t\t\t\t<img loading=\"lazy\" data-src=\"\/\/www.palacioficalho.pt\/wp-content\/uploads\/2025\/12\/homepage-slider-10.jpg\" data-libid=\"20946\" data-lib=\"medialibrary\" title=\"homepage-slider-10\" width=\"0\" height=\"0\" data-dbsrc=\"Ly93d3cucGFsYWNpb2ZpY2FsaG8ucHQvd3AtY29udGVudC91cGxvYWRzLzIwMjUvMTIvaG9tZXBhZ2Utc2xpZGVyLTEwLmpwZw==\"\/>\n\t\t\t\t\t<\/image_lists>\n\t\t\t\t<\/sr7-module>\n\t\t\t\t<script>\n\t\t\t\t\tSR7.PMH ??={}; SR7.PMH[\"SR7_11_1\"] = {cn:100,state:false,fn: function() { if (_tpt!==undefined && _tpt.prepareModuleHeight !== undefined) {  _tpt.prepareModuleHeight({id:\"SR7_11_1\",el:[650,650,650,500,900],type:'standard',shdw:'0',gh:[650,650,650,500,900],gw:[990,990,990,778,481],vpt:['-100px&#039;,&#039;-100px&#039;,&#039;-100px&#039;,&#039;-100px&#039;,&#039;-100px'],size:{fullWidth:false, fullHeight:false},mh:'0',onh:0,onw:0,bg:{color:'{\"orig\":\"transparent\",\"type\":\"solid\",\"string\":\"transparent\"}'},plType:'-1',plColor:'#FFFFFF'});   SR7.PMH[\"SR7_11_1\"].state=true;} else if(SR7.PMH[\"SR7_11_1\"].cn-->0)\tsetTimeout( SR7.PMH[\"SR7_11_1\"].fn,19);}};SR7.PMH[\"SR7_11_1\" ].fn();\n\t\t\t\t<\/script>\n<\/div>\n\n\t\t\t\t\t\t<\/div>\n\t\t\t\t<div class=\"elementor-element elementor-element-3a1e29c elementor-widget elementor-widget-alloggio_core_room_reservation_filter\" data-id=\"3a1e29c\" data-element_type=\"widget\" data-e-type=\"widget\" data-widget_type=\"alloggio_core_room_reservation_filter.default\">\n\t\t\t\t<div class=\"elementor-widget-container\">\n\t\t\t\t\t<div class=\"qodef-shortcode qodef-m qodef-room-reservation-filter qodef-layout--horizontal qodef-columns--3\" >\n\t<svg class=\"qodef-m-spinner\" xmlns=\"http:\/\/www.w3.org\/2000\/svg\" viewBox=\"0 0 512 512\"><path d=\"M304 48c0 26.51-21.49 48-48 48s-48-21.49-48-48 21.49-48 48-48 48 21.49 48 48zm-48 368c-26.51 0-48 21.49-48 48s21.49 48 48 48 48-21.49 48-48-21.49-48-48-48zm208-208c-26.51 0-48 21.49-48 48s21.49 48 48 48 48-21.49 48-48-21.49-48-48-48zM96 256c0-26.51-21.49-48-48-48S0 229.49 0 256s21.49 48 48 48 48-21.49 48-48zm12.922 99.078c-26.51 0-48 21.49-48 48s21.49 48 48 48 48-21.49 48-48c0-26.509-21.491-48-48-48zm294.156 0c-26.51 0-48 21.49-48 48s21.49 48 48 48 48-21.49 48-48c0-26.509-21.49-48-48-48zM108.922 60.922c-26.51 0-48 21.49-48 48s21.49 48 48 48 48-21.49 48-48-21.491-48-48-48z\"><\/path><\/svg><form role=\"search\" class=\"qodef-m-form\" method=\"GET\" action=\"https:\/\/www.palacioficalho.pt\/en\/\">\n\t<input type=\"hidden\" name=\"s\" value=\"\"\/>\n\t<div class=\"qodef-m-field qodef--check-in\">\n\t\t<label class=\"qodef-m-field-label\">Check-in<\/label>\n\t\t<div class=\"qodef-m-field-input-wrapper\">\n\t\t\t<input type=\"text\" class=\"qodef-m-field-input qodef-datepick-calendar qodef--date qodef--check-in\" name=\"check_in\" value=\"\" data-reserved-dates=\"May 1, 2026|May 2, 2026|May 29, 2026|May 30, 2026\" required readonly\/>\n\t\t\t<svg class=\"qodef-m-field-input-icon\" xmlns=\"http:\/\/www.w3.org\/2000\/svg\" xmlns:xlink=\"http:\/\/www.w3.org\/1999\/xlink\" x=\"0px\" y=\"0px\" width=\"64px\" height=\"64px\" viewBox=\"0 0 64 64\" enable-background=\"new 0 0 64 64\" xml:space=\"preserve\"><g><path d=\"M53,5h-8v4H19V5h-8v4H0v50h64V9H53V5z M47,7h4v6h-4V7z M13,7h4v6h-4V7z M2,57V19h60v38H2z M62,11v6H2v-6h9v4h8v-4h26v4h8v-4H62z\"\/><\/g><\/svg>\t\t<\/div>\n\t<\/div>\n\t<div class=\"qodef-m-field qodef--check-out\">\n\t\t<label class=\"qodef-m-field-label\">Check-out<\/label>\n\t\t<div class=\"qodef-m-field-input-wrapper\">\n\t\t\t<input type=\"text\" class=\"qodef-m-field-input qodef-datepick-calendar qodef--date qodef--check-out\" name=\"check_out\" value=\"\" data-reserved-dates=\"May 1, 2026|May 2, 2026|May 29, 2026|May 30, 2026\" required readonly\/>\n\t\t\t<svg class=\"qodef-m-field-input-icon\" xmlns=\"http:\/\/www.w3.org\/2000\/svg\" xmlns:xlink=\"http:\/\/www.w3.org\/1999\/xlink\" x=\"0px\" y=\"0px\" width=\"64px\" height=\"64px\" viewBox=\"0 0 64 64\" enable-background=\"new 0 0 64 64\" xml:space=\"preserve\"><g><path d=\"M53,5h-8v4H19V5h-8v4H0v50h64V9H53V5z M47,7h4v6h-4V7z M13,7h4v6h-4V7z M2,57V19h60v38H2z M62,11v6H2v-6h9v4h8v-4h26v4h8v-4H62z\"\/><\/g><\/svg>\t\t<\/div>\n\t<\/div>\n\t\t\t<div class=\"qodef-m-field qodef--guests\">\n\t\t<label class=\"qodef-m-field-label\">Guests:<\/label>\n\t\t<div class=\"qodef-m-field-input-wrapper\">\n\t\t\t<input type=\"text\" class=\"qodef-m-field-input qodef--guests\" name=\"guests\" value=\"\" readonly \/>\n\t\t\t<svg class=\"qodef-m-field-input-icon\" xmlns=\"http:\/\/www.w3.org\/2000\/svg\" xmlns:xlink=\"http:\/\/www.w3.org\/1999\/xlink\" x=\"0px\" y=\"0px\" width=\"64px\" height=\"64px\" viewBox=\"0 0 64 64\" enable-background=\"new 0 0 64 64\" xml:space=\"preserve\"><g><polygon points=\"48.293,23.293 32,39.586 15.707,23.293 14.293,24.854 31.293,42 32.707,42 49.707,24.854\"\/><\/g><\/svg>\t\t<\/div>\n\t\t<div class=\"qodef-m-field-persons\">\n\t\t\t<div class=\"qodef-m-field-person qodef-e qodef--adult\">\n\t\t\t\t<div class=\"qodef-e-label-text\">Adults<\/div>\n\t\t\t\t<select name=\"adult\" class=\"qodef-e-input qodef--select2\" data-singular-label=\"Adult\" data-plural-label=\"Adults\">\n\t\t\t\t\t\t\t\t\t\t\t<option value=\"1\"  selected='selected'>1<\/option>\n\t\t\t\t\t\t\t\t\t\t\t<option value=\"2\" >2<\/option>\n\t\t\t\t\t\t\t\t\t\t\t<option value=\"3\" >3<\/option>\n\t\t\t\t\t\t\t\t\t\t\t<option value=\"4\" >4<\/option>\n\t\t\t\t\t\t\t\t\t\t\t<option value=\"5\" >5<\/option>\n\t\t\t\t\t\t\t\t\t\t\t<option value=\"6\" >6<\/option>\n\t\t\t\t\t\t\t\t\t\t\t<option value=\"7\" >7<\/option>\n\t\t\t\t\t\t\t\t\t\t\t<option value=\"8\" >8<\/option>\n\t\t\t\t\t\t\t\t\t\t\t<option value=\"9\" >9<\/option>\n\t\t\t\t\t\t\t\t\t\t\t<option value=\"10\" >10<\/option>\n\t\t\t\t\t\t\t\t\t\t\t<option value=\"11\" >11<\/option>\n\t\t\t\t\t\t\t\t\t\t\t<option value=\"12\" >12<\/option>\n\t\t\t\t\t\t\t\t\t\t\t<option value=\"13\" >13<\/option>\n\t\t\t\t\t\t\t\t\t\t\t<option value=\"14\" >14<\/option>\n\t\t\t\t\t\t\t\t\t\t\t<option value=\"15\" >15<\/option>\n\t\t\t\t\t\t\t\t\t\t\t<option value=\"16\" >16<\/option>\n\t\t\t\t\t\t\t\t\t\t\t<option value=\"17\" >17<\/option>\n\t\t\t\t\t\t\t\t\t\t\t<option value=\"18\" >18<\/option>\n\t\t\t\t\t\t\t\t\t\t\t<option value=\"19\" >19<\/option>\n\t\t\t\t\t\t\t\t\t\t\t<option value=\"20\" >20<\/option>\n\t\t\t\t\t\t\t\t\t<\/select>\n\t\t\t<\/div>\n\t\t\t<div class=\"qodef-m-field-person qodef-e qodef--children\">\n\t\t\t\t<div class=\"qodef-e-label\">\n\t\t\t\t\t<span class=\"qodef-e-label-text\">Children<\/span>\n\t\t\t\t\t<span class=\"qodef-e-label-description\">2-12 years old<\/span>\n\t\t\t\t<\/div>\n\t\t\t\t<select name=\"children\" class=\"qodef-e-input qodef--select2\" data-singular-label=\"Children\" data-plural-label=\"Children\">\n\t\t\t\t\t\t\t\t\t\t\t<option value=\"0\"  selected='selected'>0<\/option>\n\t\t\t\t\t\t\t\t\t\t\t<option value=\"1\" >1<\/option>\n\t\t\t\t\t\t\t\t\t\t\t<option value=\"2\" >2<\/option>\n\t\t\t\t\t\t\t\t\t\t\t<option value=\"3\" >3<\/option>\n\t\t\t\t\t\t\t\t\t\t\t<option value=\"4\" >4<\/option>\n\t\t\t\t\t\t\t\t\t\t\t<option value=\"5\" >5<\/option>\n\t\t\t\t\t\t\t\t\t\t\t<option value=\"6\" >6<\/option>\n\t\t\t\t\t\t\t\t\t\t\t<option value=\"7\" >7<\/option>\n\t\t\t\t\t\t\t\t\t\t\t<option value=\"8\" >8<\/option>\n\t\t\t\t\t\t\t\t\t\t\t<option value=\"9\" >9<\/option>\n\t\t\t\t\t\t\t\t\t\t\t<option value=\"10\" >10<\/option>\n\t\t\t\t\t\t\t\t\t\t\t<option value=\"11\" >11<\/option>\n\t\t\t\t\t\t\t\t\t\t\t<option value=\"12\" >12<\/option>\n\t\t\t\t\t\t\t\t\t\t\t<option value=\"13\" >13<\/option>\n\t\t\t\t\t\t\t\t\t\t\t<option value=\"14\" >14<\/option>\n\t\t\t\t\t\t\t\t\t\t\t<option value=\"15\" >15<\/option>\n\t\t\t\t\t\t\t\t\t\t\t<option value=\"16\" >16<\/option>\n\t\t\t\t\t\t\t\t\t\t\t<option value=\"17\" >17<\/option>\n\t\t\t\t\t\t\t\t\t\t\t<option value=\"18\" >18<\/option>\n\t\t\t\t\t\t\t\t\t\t\t<option value=\"19\" >19<\/option>\n\t\t\t\t\t\t\t\t\t\t\t<option value=\"20\" >20<\/option>\n\t\t\t\t\t\t\t\t\t<\/select>\n\t\t\t<\/div>\n\t\t\t<div class=\"qodef-m-field-person qodef-e qodef--infant\">\n\t\t\t\t<div class=\"qodef-e-label\">\n\t\t\t\t\t<span class=\"qodef-e-label-text\">Infant&#039;s<\/span>\n\t\t\t\t\t<span class=\"qodef-e-label-description\">0-2 years old<\/span>\n\t\t\t\t<\/div>\n\t\t\t\t<select name=\"infant\" class=\"qodef-e-input qodef--select2\" data-singular-label=\"Infant\" data-plural-label=\"Infant&#039;s\">\n\t\t\t\t\t\t\t\t\t\t\t<option value=\"0\"  selected='selected'>0<\/option>\n\t\t\t\t\t\t\t\t\t\t\t<option value=\"1\" >1<\/option>\n\t\t\t\t\t\t\t\t\t\t\t<option value=\"2\" >2<\/option>\n\t\t\t\t\t\t\t\t\t\t\t<option value=\"3\" >3<\/option>\n\t\t\t\t\t\t\t\t\t\t\t<option value=\"4\" >4<\/option>\n\t\t\t\t\t\t\t\t\t\t\t<option value=\"5\" >5<\/option>\n\t\t\t\t\t\t\t\t\t\t\t<option value=\"6\" >6<\/option>\n\t\t\t\t\t\t\t\t\t\t\t<option value=\"7\" >7<\/option>\n\t\t\t\t\t\t\t\t\t\t\t<option value=\"8\" >8<\/option>\n\t\t\t\t\t\t\t\t\t\t\t<option value=\"9\" >9<\/option>\n\t\t\t\t\t\t\t\t\t\t\t<option value=\"10\" >10<\/option>\n\t\t\t\t\t\t\t\t\t\t\t<option value=\"11\" >11<\/option>\n\t\t\t\t\t\t\t\t\t\t\t<option value=\"12\" >12<\/option>\n\t\t\t\t\t\t\t\t\t\t\t<option value=\"13\" >13<\/option>\n\t\t\t\t\t\t\t\t\t\t\t<option value=\"14\" >14<\/option>\n\t\t\t\t\t\t\t\t\t\t\t<option value=\"15\" >15<\/option>\n\t\t\t\t\t\t\t\t\t\t\t<option value=\"16\" >16<\/option>\n\t\t\t\t\t\t\t\t\t\t\t<option value=\"17\" >17<\/option>\n\t\t\t\t\t\t\t\t\t\t\t<option value=\"18\" >18<\/option>\n\t\t\t\t\t\t\t\t\t\t\t<option value=\"19\" >19<\/option>\n\t\t\t\t\t\t\t\t\t\t\t<option value=\"20\" >20<\/option>\n\t\t\t\t\t\t\t\t\t<\/select>\n\t\t\t<\/div>\n\t\t\t<div class=\"qodef-m-field-person qodef--button\">\n\t\t\t\t<a class=\"qodef-shortcode qodef-m qodef-button qodef-button qodef-layout--outlined qodef-size--full qodef-html--link\" href=\"#\" target=\"_self\"  >\t<span class=\"qodef-m-text\">Done<\/span>\t<span class=\"qodef-m-background-holder\" ><\/span><\/a>\t\t\t\t\t<\/div>\n\t\t<\/div>\n\t<\/div>\n\t<div class=\"qodef-m-field qodef--booking\">\n\t\t<button type=\"submit\" class=\"qodef-shortcode qodef-m qodef-button qodef-layout--outlined qodef-size--full\"  >\t<span class=\"qodef-m-text\">Check Availability<\/span>\t<span class=\"qodef-m-background-holder\" ><\/span><\/button>\t\t\t<\/div>\n<\/form>\n<\/div>\t\t\t\t<\/div>\n\t\t\t\t<\/div>\n\t\t\t\t<\/div>\n\t\t\t\t\t<\/div>\n\t\t\t\t<\/div>\n\t\t<div class=\"elementor-element elementor-element-b8ef375 e-flex e-con-boxed qodef-elementor-content-no e-con e-parent\" data-id=\"b8ef375\" data-element_type=\"container\" data-e-type=\"container\">\n\t\t\t\t\t<div class=\"e-con-inner\">\n\t\t<div class=\"elementor-element elementor-element-d18db68 e-con-full e-flex qodef-elementor-content-no e-con e-child\" data-id=\"d18db68\" data-element_type=\"container\" data-e-type=\"container\">\n\t\t\t\t<div class=\"elementor-element elementor-element-e2abc91 elementor-widget elementor-widget-text-editor\" data-id=\"e2abc91\" data-element_type=\"widget\" data-e-type=\"widget\" data-widget_type=\"text-editor.default\">\n\t\t\t\t\t\t\t\t\t<p>Pal\u00e1cio Ficalho is a manor house from the second half of the 17th century, integrated into the medieval wall that surrounds the historic center of Serpa. The name comes from the \u201cMello\u201d family, first lords, and then counts and marquises of Ficalho. Considered one of the most emblematic architectural buildings of Baixo Alentejo, it was classified as national monument in 2007. <br>  <\/p><p>The family project aiming at opening it to the public began in 2021.<\/p><h2>DISCOVER US<\/h2>\t\t\t\t\t\t\t\t<\/div>\n\t\t\t\t<\/div>\n\t\t\t\t\t<\/div>\n\t\t\t\t<\/div>\n\t\t\t\t<\/div>\n\t\t","protected":false},"excerpt":{"rendered":"<p>Check-in Check-out H\u00f3spedes Adultos 1234567891011121314151617181920 Crian\u00e7as 2-12 anos 01234567891011121314151617181920 Beb\u00e9s 0-2 anos 01234567891011121314151617181920 Conclu\u00edr Pesquisar Pal\u00e1cio Ficalho is a manor house from the second half of the 17th century, integrated into the medieval wall that surrounds the historic center of Serpa. The name comes from the \u201cMello\u201d family, first lords, and then counts and marquises [&hellip;]<\/p>\n","protected":false},"author":1,"featured_media":0,"parent":0,"menu_order":0,"comment_status":"closed","ping_status":"closed","template":"page-full-width.php","meta":{"footnotes":""},"class_list":["post-18987","page","type-page","status-publish","hentry"],"_links":{"self":[{"href":"https:\/\/www.palacioficalho.pt\/en\/wp-json\/wp\/v2\/pages\/18987","targetHints":{"allow":["GET"]}}],"collection":[{"href":"https:\/\/www.palacioficalho.pt\/en\/wp-json\/wp\/v2\/pages"}],"about":[{"href":"https:\/\/www.palacioficalho.pt\/en\/wp-json\/wp\/v2\/types\/page"}],"author":[{"embeddable":true,"href":"https:\/\/www.palacioficalho.pt\/en\/wp-json\/wp\/v2\/users\/1"}],"replies":[{"embeddable":true,"href":"https:\/\/www.palacioficalho.pt\/en\/wp-json\/wp\/v2\/comments?post=18987"}],"version-history":[{"count":0,"href":"https:\/\/www.palacioficalho.pt\/en\/wp-json\/wp\/v2\/pages\/18987\/revisions"}],"wp:attachment":[{"href":"https:\/\/www.palacioficalho.pt\/en\/wp-json\/wp\/v2\/media?parent=18987"}],"curies":[{"name":"wp","href":"https:\/\/api.w.org\/{rel}","templated":true}]}}